{"id":10614,"date":"2025-04-28T11:01:22","date_gmt":"2025-04-28T09:01:22","guid":{"rendered":"https:\/\/www.upanduperasmus.eu\/?page_id=10614"},"modified":"2025-06-12T11:08:50","modified_gmt":"2025-06-12T09:08:50","slug":"resultados","status":"publish","type":"page","link":"https:\/\/www.upanduperasmus.eu\/es\/resultados\/","title":{"rendered":"Resultados"},"content":{"rendered":"<p>[et_pb_section fb_built=&#8221;1&#8243; next_background_color=&#8221;#4e99cf&#8221; disabled_on=&#8221;off|off|off&#8221; admin_label=&#8221;Project Summary&#8221; module_id=&#8221;Resumen del proyecto&#8221; _builder_version=&#8221;4.27.4&#8243; use_background_color_gradient=&#8221;on&#8221; background_color_gradient_stops=&#8221;rgba(233,239,243,0) 0%|#e9eff3 100%&#8221; background_color_gradient_start=&#8221;rgba(233,239,243,0)&#8221; background_color_gradient_end=&#8221;#e9eff3&#8243; background_image=&#8221;https:\/\/www.upanduperasmus.eu\/wp-content\/uploads\/2019\/10\/shapes-bg-1.png&#8221; parallax=&#8221;on&#8221; custom_padding=&#8221;6px|0px|0px|0px|false|false&#8221; bottom_divider_style=&#8221;curve2&#8243; bottom_divider_height=&#8221;58px&#8221; collapsed=&#8221;on&#8221; global_colors_info=&#8221;{}&#8221;][et_pb_row _builder_version=&#8221;4.27.4&#8243; _module_preset=&#8221;default&#8221; custom_margin=&#8221;0px||||false|false&#8221; custom_margin_tablet=&#8221;43px||||false|false&#8221; custom_margin_phone=&#8221;0px||||false|false&#8221; custom_margin_last_edited=&#8221;on|phone&#8221; global_colors_info=&#8221;{}&#8221;][et_pb_column type=&#8221;4_4&#8243; _builder_version=&#8221;4.27.4&#8243; _module_preset=&#8221;default&#8221; global_colors_info=&#8221;{}&#8221;][et_pb_blurb title=&#8221;Evaluaci\u00f3n&#8221; image=&#8221;https:\/\/www.upanduperasmus.eu\/wp-content\/uploads\/2025\/04\/UPUP-FOR-DIGITAL-SOCIETY.png&#8221; image_icon_width=&#8221;44%&#8221; _builder_version=&#8221;4.27.4&#8243; _module_preset=&#8221;default&#8221; header_level=&#8221;h1&#8243; header_font=&#8221;Montserrat||||||||&#8221; header_text_align=&#8221;center&#8221; header_text_color=&#8221;#0C71C3&#8243; body_font=&#8221;Montserrat||||||||&#8221; body_text_align=&#8221;center&#8221; body_text_color=&#8221;#b51575&#8243; body_font_size=&#8221;17px&#8221; animation_style=&#8221;zoom&#8221; global_colors_info=&#8221;{}&#8221;][\/et_pb_blurb][\/et_pb_column][\/et_pb_row][et_pb_row admin_label=&#8221;Fila de instalaciones&#8221; _builder_version=&#8221;4.27.4&#8243; width=&#8221;93%&#8221; global_colors_info=&#8221;{}&#8221;][et_pb_column type=&#8221;4_4&#8243; _builder_version=&#8221;4.16&#8243; custom_padding=&#8221;|||&#8221; global_colors_info=&#8221;{}&#8221; custom_padding__hover=&#8221;|||&#8221;][et_pb_text _builder_version=&#8221;4.27.4&#8243; text_font=&#8221;Montserrat||||||||&#8221; text_text_color=&#8221;#0C71C3&#8243; text_font_size=&#8221;16px&#8221; text_line_height=&#8221;2em&#8221; header_font=&#8221;||||||||&#8221; header_2_font=&#8221;Rubik|700|||||||&#8221; header_2_font_size=&#8221;40px&#8221; header_2_line_height=&#8221;1.4em&#8221; header_5_font=&#8221;Rubik|700||on|||||&#8221; header_5_text_color=&#8221;#2b76df&#8221; header_5_letter_spacing=&#8221;5px&#8221; header_5_line_height=&#8221;1.5em&#8221; max_width=&#8221;700px&#8221; module_alignment=&#8221;center&#8221; custom_margin=&#8221;||30px||false|false&#8221; custom_margin_tablet=&#8221;0px|||&#8221; custom_margin_last_edited=&#8221;off|desktop&#8221; animation_style=&#8221;fade&#8221; text_line_height_last_edited=&#8221;off|desktop&#8221; header_2_font_size_tablet=&#8221;&#8221; header_2_font_size_phone=&#8221;30px&#8221; header_2_font_size_last_edited=&#8221;on|phone&#8221; global_colors_info=&#8221;{}&#8221;]<\/p>\n<p style=\"text-align: center;\">WP5 monitorea el <strong>progreso del proyecto<\/strong> y eval\u00faa sus resultados a trav\u00e9s de m\u00e9todos tanto <strong>cualitativos como cuantitativos<\/strong>. La evaluaci\u00f3n se centra en la efectividad, relevancia, sostenibilidad e innovaci\u00f3n. <\/p>\n<p style=\"text-align: center;\">\n<p>[\/et_pb_text][et_pb_text _builder_version=&#8221;4.27.4&#8243; text_font=&#8221;Montserrat||||||||&#8221; text_text_color=&#8221;#0C71C3&#8243; text_font_size=&#8221;16px&#8221; text_line_height=&#8221;2em&#8221; header_font=&#8221;||||||||&#8221; header_2_font=&#8221;Rubik|700|||||||&#8221; header_2_font_size=&#8221;40px&#8221; header_2_line_height=&#8221;1.4em&#8221; header_5_font=&#8221;Rubik|700||on|||||&#8221; header_5_text_color=&#8221;#2b76df&#8221; header_5_letter_spacing=&#8221;5px&#8221; header_5_line_height=&#8221;1.5em&#8221; max_width=&#8221;700px&#8221; module_alignment=&#8221;center&#8221; custom_margin=&#8221;||30px||false|false&#8221; custom_margin_tablet=&#8221;0px|||&#8221; custom_margin_last_edited=&#8221;off|desktop&#8221; animation_style=&#8221;fade&#8221; hover_enabled=&#8221;0&#8243; text_line_height_last_edited=&#8221;off|desktop&#8221; header_2_font_size_tablet=&#8221;&#8221; header_2_font_size_phone=&#8221;30px&#8221; header_2_font_size_last_edited=&#8221;on|phone&#8221; global_colors_info=&#8221;{}&#8221; sticky_enabled=&#8221;0&#8243;]<\/p>\n<p>En esta secci\u00f3n:<\/p>\n<ul>\n<li style=\"list-style-type: none;\">\n<ul>\n<li>Marco de <strong>evaluaci\u00f3n <\/strong>y <strong>metodolog\u00eda<\/strong><\/li>\n<li>Informes de <strong>evaluaci\u00f3n <\/strong>intermedia y final<\/li>\n<li><strong>Herramientas de retroalimentaci\u00f3n<\/strong> e indicadores de impacto<\/li>\n<li><strong>Lecciones <\/strong>aprendidas y recomendaciones futuras<\/li>\n<\/ul>\n<\/li>\n<\/ul>\n<p style=\"text-align: center;\">[\/et_pb_text][\/et_pb_column][\/et_pb_row][\/et_pb_section][et_pb_section fb_built=&#8221;1&#8243; _builder_version=&#8221;4.27.4&#8243; _module_preset=&#8221;default&#8221; background_color=&#8221;#4e99cf&#8221; custom_padding=&#8221;||252px|||&#8221; global_colors_info=&#8221;{}&#8221;][et_pb_row module_id=&#8221;do&#8221; _builder_version=&#8221;4.27.4&#8243; _module_preset=&#8221;default&#8221; global_colors_info=&#8221;{}&#8221;][et_pb_column type=&#8221;4_4&#8243; _builder_version=&#8221;4.27.4&#8243; _module_preset=&#8221;default&#8221; global_colors_info=&#8221;{}&#8221;][\/et_pb_column][\/et_pb_row][\/et_pb_section][et_pb_section fb_built=&#8221;1&#8243; fullwidth=&#8221;on&#8221; next_background_color=&#8221;#237ec3&#8243; admin_label=&#8221;Mani reggono cubetti prima di news&#8221; _builder_version=&#8221;4.27.4&#8243; use_background_color_gradient=&#8221;on&#8221; background_color_gradient_stops=&#8221;#2b87da 0%|rgba(255,255,255,0) 100%&#8221; custom_margin=&#8221;-2px||||false|false&#8221; custom_margin_tablet=&#8221;&#8221; custom_margin_phone=&#8221;0px||||false|false&#8221; custom_margin_last_edited=&#8221;on|phone&#8221; custom_padding=&#8221;0px||||false|false&#8221; bottom_divider_style=&#8221;clouds2&#8243; collapsed=&#8221;on&#8221; global_colors_info=&#8221;{}&#8221;][et_pb_fullwidth_image _builder_version=&#8221;4.27.4&#8243; use_background_color_gradient=&#8221;on&#8221; background_color_gradient_stops=&#8221;#2b87da 0%|rgba(255,255,255,0) 100%&#8221; custom_margin=&#8221;||-25px|||&#8221; custom_padding=&#8221;0px||0px|||&#8221; global_colors_info=&#8221;{}&#8221;][\/et_pb_fullwidth_image][\/et_pb_section]<\/p>\n","protected":false},"excerpt":{"rendered":"<p>WP5 monitorea el progreso del proyecto y eval\u00faa sus resultados a trav\u00e9s de m\u00e9todos tanto cualitativos como cuantitativos. La evaluaci\u00f3n se centra en la efectividad, relevancia, sostenibilidad e innovaci\u00f3n. En esta secci\u00f3n: Marco de evaluaci\u00f3n y metodolog\u00eda Informes de evaluaci\u00f3n intermedia y final Herramientas de retroalimentaci\u00f3n e indicadores de impacto Lecciones aprendidas y recomendaciones futuras<\/p>\n","protected":false},"author":1,"featured_media":0,"parent":0,"menu_order":0,"comment_status":"closed","ping_status":"closed","template":"","meta":{"_et_pb_use_builder":"on","_et_pb_old_content":"","_et_gb_content_width":"","footnotes":""},"class_list":["post-10614","page","type-page","status-publish","hentry"],"yoast_head":"<!-- This site is optimized with the Yoast SEO plugin v25.3 - https:\/\/yoast.com\/wordpress\/plugins\/seo\/ -->\n<title>Bienvenido al proyecto UP&amp;UP<\/title>\n<meta name=\"description\" content=\"UP&amp;UP: Mejorando las competencias de formadores y educadores en violencia de g\u00e9nero para aumentar la concienciaci\u00f3n entre los j\u00f3venes contra la violencia.\" \/>\n<meta name=\"robots\" content=\"index, follow, max-snippet:-1, max-image-preview:large, max-video-preview:-1\" \/>\n<link rel=\"canonical\" href=\"https:\/\/www.upanduperasmus.eu\/results\/\" \/>\n<meta property=\"og:locale\" content=\"es_ES\" \/>\n<meta property=\"og:type\" content=\"article\" \/>\n<meta property=\"og:title\" content=\"Bienvenido al proyecto UP&amp;UP\" \/>\n<meta property=\"og:description\" content=\"UP&amp;UP: Mejorando las competencias de formadores y educadores en violencia de g\u00e9nero para aumentar la concienciaci\u00f3n entre los j\u00f3venes contra la violencia.\" \/>\n<meta property=\"og:url\" content=\"https:\/\/www.upanduperasmus.eu\/results\/\" \/>\n<meta property=\"article:modified_time\" content=\"2025-06-12T09:08:50+00:00\" \/>\n<meta name=\"twitter:card\" content=\"summary_large_image\" \/>\n<meta name=\"twitter:label1\" content=\"Tiempo de lectura\" \/>\n\t<meta name=\"twitter:data1\" content=\"3 minutos\" \/>\n<script type=\"application\/ld+json\" class=\"yoast-schema-graph\">{\"@context\":\"https:\/\/schema.org\",\"@graph\":[{\"@type\":\"WebPage\",\"@id\":\"https:\/\/www.upanduperasmus.eu\/results\/\",\"url\":\"https:\/\/www.upanduperasmus.eu\/results\/\",\"name\":\"Bienvenido al proyecto UP&UP\",\"isPartOf\":{\"@id\":\"https:\/\/www.upanduperasmus.eu\/#website\"},\"datePublished\":\"2025-04-28T09:01:22+00:00\",\"dateModified\":\"2025-06-12T09:08:50+00:00\",\"description\":\"UP&UP: Mejorando las competencias de formadores y educadores en violencia de g\u00e9nero para aumentar la concienciaci\u00f3n entre los j\u00f3venes contra la violencia.\",\"breadcrumb\":{\"@id\":\"https:\/\/www.upanduperasmus.eu\/results\/#breadcrumb\"},\"inLanguage\":\"es\",\"potentialAction\":[{\"@type\":\"ReadAction\",\"target\":[\"https:\/\/www.upanduperasmus.eu\/results\/\"]}]},{\"@type\":\"BreadcrumbList\",\"@id\":\"https:\/\/www.upanduperasmus.eu\/results\/#breadcrumb\",\"itemListElement\":[{\"@type\":\"ListItem\",\"position\":1,\"name\":\"Home\",\"item\":\"https:\/\/www.upanduperasmus.eu\/\"},{\"@type\":\"ListItem\",\"position\":2,\"name\":\"Resultados\"}]},{\"@type\":\"WebSite\",\"@id\":\"https:\/\/www.upanduperasmus.eu\/#website\",\"url\":\"https:\/\/www.upanduperasmus.eu\/\",\"name\":\"UP&UP UPscaling trainers and educators\u2019 competencies on gender based violence to UPscaling awareness among young people against violence\",\"description\":\"\",\"publisher\":{\"@id\":\"https:\/\/www.upanduperasmus.eu\/#organization\"},\"potentialAction\":[{\"@type\":\"SearchAction\",\"target\":{\"@type\":\"EntryPoint\",\"urlTemplate\":\"https:\/\/www.upanduperasmus.eu\/?s={search_term_string}\"},\"query-input\":{\"@type\":\"PropertyValueSpecification\",\"valueRequired\":true,\"valueName\":\"search_term_string\"}}],\"inLanguage\":\"es\"},{\"@type\":\"Organization\",\"@id\":\"https:\/\/www.upanduperasmus.eu\/#organization\",\"name\":\"UP&UP UPscaling trainers and educators\u2019 competencies on gender based violence to UPscaling awareness among young people against violence\",\"url\":\"https:\/\/www.upanduperasmus.eu\/\",\"logo\":{\"@type\":\"ImageObject\",\"inLanguage\":\"es\",\"@id\":\"https:\/\/www.upanduperasmus.eu\/#\/schema\/logo\/image\/\",\"url\":\"https:\/\/www.upanduperasmus.eu\/wp-content\/uploads\/2019\/10\/EU-flag-Erasmus_vect_POS.png\",\"contentUrl\":\"https:\/\/www.upanduperasmus.eu\/wp-content\/uploads\/2019\/10\/EU-flag-Erasmus_vect_POS.png\",\"width\":943,\"height\":269,\"caption\":\"UP&UP UPscaling trainers and educators\u2019 competencies on gender based violence to UPscaling awareness among young people against violence\"},\"image\":{\"@id\":\"https:\/\/www.upanduperasmus.eu\/#\/schema\/logo\/image\/\"}}]}<\/script>\n<!-- \/ Yoast SEO plugin. -->","yoast_head_json":{"title":"Bienvenido al proyecto UP&UP","description":"UP&UP: Mejorando las competencias de formadores y educadores en violencia de g\u00e9nero para aumentar la concienciaci\u00f3n entre los j\u00f3venes contra la violencia.","robots":{"index":"index","follow":"follow","max-snippet":"max-snippet:-1","max-image-preview":"max-image-preview:large","max-video-preview":"max-video-preview:-1"},"canonical":"https:\/\/www.upanduperasmus.eu\/results\/","og_locale":"es_ES","og_type":"article","og_title":"Bienvenido al proyecto UP&UP","og_description":"UP&UP: Mejorando las competencias de formadores y educadores en violencia de g\u00e9nero para aumentar la concienciaci\u00f3n entre los j\u00f3venes contra la violencia.","og_url":"https:\/\/www.upanduperasmus.eu\/results\/","article_modified_time":"2025-06-12T09:08:50+00:00","twitter_card":"summary_large_image","twitter_misc":{"Tiempo de lectura":"3 minutos"},"schema":{"@context":"https:\/\/schema.org","@graph":[{"@type":"WebPage","@id":"https:\/\/www.upanduperasmus.eu\/results\/","url":"https:\/\/www.upanduperasmus.eu\/results\/","name":"Bienvenido al proyecto UP&UP","isPartOf":{"@id":"https:\/\/www.upanduperasmus.eu\/#website"},"datePublished":"2025-04-28T09:01:22+00:00","dateModified":"2025-06-12T09:08:50+00:00","description":"UP&UP: Mejorando las competencias de formadores y educadores en violencia de g\u00e9nero para aumentar la concienciaci\u00f3n entre los j\u00f3venes contra la violencia.","breadcrumb":{"@id":"https:\/\/www.upanduperasmus.eu\/results\/#breadcrumb"},"inLanguage":"es","potentialAction":[{"@type":"ReadAction","target":["https:\/\/www.upanduperasmus.eu\/results\/"]}]},{"@type":"BreadcrumbList","@id":"https:\/\/www.upanduperasmus.eu\/results\/#breadcrumb","itemListElement":[{"@type":"ListItem","position":1,"name":"Home","item":"https:\/\/www.upanduperasmus.eu\/"},{"@type":"ListItem","position":2,"name":"Resultados"}]},{"@type":"WebSite","@id":"https:\/\/www.upanduperasmus.eu\/#website","url":"https:\/\/www.upanduperasmus.eu\/","name":"UP&UP UPscaling trainers and educators\u2019 competencies on gender based violence to UPscaling awareness among young people against violence","description":"","publisher":{"@id":"https:\/\/www.upanduperasmus.eu\/#organization"},"potentialAction":[{"@type":"SearchAction","target":{"@type":"EntryPoint","urlTemplate":"https:\/\/www.upanduperasmus.eu\/?s={search_term_string}"},"query-input":{"@type":"PropertyValueSpecification","valueRequired":true,"valueName":"search_term_string"}}],"inLanguage":"es"},{"@type":"Organization","@id":"https:\/\/www.upanduperasmus.eu\/#organization","name":"UP&UP UPscaling trainers and educators\u2019 competencies on gender based violence to UPscaling awareness among young people against violence","url":"https:\/\/www.upanduperasmus.eu\/","logo":{"@type":"ImageObject","inLanguage":"es","@id":"https:\/\/www.upanduperasmus.eu\/#\/schema\/logo\/image\/","url":"https:\/\/www.upanduperasmus.eu\/wp-content\/uploads\/2019\/10\/EU-flag-Erasmus_vect_POS.png","contentUrl":"https:\/\/www.upanduperasmus.eu\/wp-content\/uploads\/2019\/10\/EU-flag-Erasmus_vect_POS.png","width":943,"height":269,"caption":"UP&UP UPscaling trainers and educators\u2019 competencies on gender based violence to UPscaling awareness among young people against violence"},"image":{"@id":"https:\/\/www.upanduperasmus.eu\/#\/schema\/logo\/image\/"}}]}},"_links":{"self":[{"href":"https:\/\/www.upanduperasmus.eu\/es\/wp-json\/wp\/v2\/pages\/10614","targetHints":{"allow":["GET"]}}],"collection":[{"href":"https:\/\/www.upanduperasmus.eu\/es\/wp-json\/wp\/v2\/pages"}],"about":[{"href":"https:\/\/www.upanduperasmus.eu\/es\/wp-json\/wp\/v2\/types\/page"}],"author":[{"embeddable":true,"href":"https:\/\/www.upanduperasmus.eu\/es\/wp-json\/wp\/v2\/users\/1"}],"replies":[{"embeddable":true,"href":"https:\/\/www.upanduperasmus.eu\/es\/wp-json\/wp\/v2\/comments?post=10614"}],"version-history":[{"count":5,"href":"https:\/\/www.upanduperasmus.eu\/es\/wp-json\/wp\/v2\/pages\/10614\/revisions"}],"predecessor-version":[{"id":10897,"href":"https:\/\/www.upanduperasmus.eu\/es\/wp-json\/wp\/v2\/pages\/10614\/revisions\/10897"}],"wp:attachment":[{"href":"https:\/\/www.upanduperasmus.eu\/es\/wp-json\/wp\/v2\/media?parent=10614"}],"curies":[{"name":"wp","href":"https:\/\/api.w.org\/{rel}","templated":true}]}}