{"id":10136,"date":"2025-04-23T15:55:07","date_gmt":"2025-04-23T13:55:07","guid":{"rendered":"https:\/\/www.upanduperasmus.eu\/?page_id=10136"},"modified":"2025-07-24T12:56:33","modified_gmt":"2025-07-24T10:56:33","slug":"pagina-principala-2025","status":"publish","type":"page","link":"https:\/\/www.upanduperasmus.eu\/ro\/","title":{"rendered":"Pagina principal\u0103 2025"},"content":{"rendered":"<p>[et_pb_section fb_built=&#8221;1&#8243; fullwidth=&#8221;on&#8221; next_background_color=&#8221;#ffffff&#8221; admin_label=&#8221;Page Header&#8221; _builder_version=&#8221;4.27.4&#8243; background_color=&#8221;rgba(0,0,0,0)&#8221; custom_margin=&#8221;-8px||||false|false&#8221; top_divider_color=&#8221;rgba(0,92,221,0.35)&#8221; top_divider_height=&#8221;31px&#8221; top_divider_style_tablet=&#8221;curve2&#8243; top_divider_style_phone=&#8221;none&#8221; top_divider_style_last_edited=&#8221;on|phone&#8221; bottom_divider_style=&#8221;curve2&#8243; bottom_divider_height=&#8221;44px&#8221; animation_direction=&#8221;top&#8221; hover_enabled=&#8221;0&#8243; collapsed=&#8221;on&#8221; global_colors_info=&#8221;{}&#8221; background_enable_video_mp4=&#8221;off&#8221; alt=&#8221;UP&#038;UP FOR DIGITAL SOCIETY&#8221; title_text=&#8221;UP&#038;UP FOR DIGITAL SOCIETY&#8221; background_image=&#8221;https:\/\/www.upanduperasmus.eu\/wp-content\/uploads\/2025\/06\/Sito-UpUp.jpg&#8221; sticky_enabled=&#8221;0&#8243;][et_pb_fullwidth_header text_orientation=&#8221;center&#8221; button_one_text=&#8221;Alege un proiect de explorat: &#8221; button_one_url=&#8221;#project-summary&#8221; button_two_url=&#8221;#news&#8221; content_phone=&#8221;<\/p>\n<h1 class=%22freebirdFormviewerViewHeaderDescription%22 dir=%22auto%22><\/h1>\n<h1 class=%22freebirdFormviewerViewHeaderDescription%22 dir=%22auto%22><\/h1>\n<p><strong><\/strong><\/p>\n<p><strong><\/strong><\/p>\n<p><strong><\/strong><\/p>\n<p><strong>BINE A\u021aI VENIT LA UP&amp;UP! <\/strong><\/p>\n<p>Up&amp;Up este o ini\u021biativ\u0103 interna\u021bional\u0103 dedicat\u0103 promov\u0103rii egalit\u0103\u021bii de gen \u0219i prevenirii violen\u021bei de gen prin educa\u021bie, con\u0219tientizare \u0219i empowerment comunitar. Activitatea noastr\u0103 vizeaz\u0103 \u0219coli, familii, institu\u021bii \u0219i spa\u021bii digitale \u2013 oriunde schimbarea real\u0103 poate avea loc! <\/p>\n<p>&#8221; content_last_edited=&#8221;off|desktop&#8221; disabled_on=&#8221;off|off|off&#8221; admin_label=&#8221;Hero Section&#8221; _builder_version=&#8221;4.27.4&#8243; title_font=&#8221;Montserrat|on|||&#8221; title_text_align=&#8221;center&#8221; title_font_size=&#8221;34px&#8221; title_line_height=&#8221;1.4em&#8221; content_font=&#8221;Montserrat||||||||&#8221; content_text_align=&#8221;center&#8221; content_font_size=&#8221;19px&#8221; content_line_height=&#8221;1.8em&#8221; subhead_font=&#8221;||||&#8221; content_link_text_align=&#8221;center&#8221; content_ul_text_align=&#8221;center&#8221; content_ol_text_align=&#8221;center&#8221; background_color=&#8221;rgba(255, 255, 255, 0)&#8221; use_background_color_gradient=&#8221;on&#8221; background_color_gradient_stops=&#8221;rgba(58,52,226,0) 0%|rgba(73,108,220,0.7) 100%&#8221; background_color_gradient_start=&#8221;rgba(58,52,226,0)&#8221; background_color_gradient_end=&#8221;rgba(73,108,220,0.7)&#8221; custom_button_one=&#8221;on&#8221; button_one_text_size=&#8221;16px&#8221; button_one_bg_color=&#8221;#0c71c3&#8243; button_one_border_width=&#8221;2px&#8221; button_one_border_color=&#8221;#ffffff&#8221; button_one_border_radius=&#8221;0&#8243; button_one_letter_spacing=&#8221;2&#8243; button_one_font=&#8221;Montserrat|||on|&#8221; button_one_use_icon=&#8221;off&#8221; button_one_custom_margin=&#8221;|||25px|false|false&#8221; button_one_custom_margin_tablet=&#8221;&#8221; button_one_custom_margin_phone=&#8221;||25px|22px|false|false&#8221; button_one_custom_margin_last_edited=&#8221;on|phone&#8221; custom_button_two=&#8221;on&#8221; button_two_text_size=&#8221;16px&#8221; button_two_border_width=&#8221;2px&#8221; button_two_border_color=&#8221;#ffffff&#8221; button_two_border_radius=&#8221;0&#8243; button_two_letter_spacing=&#8221;2&#8243; button_two_font=&#8221;Montserrat|||on|&#8221; button_two_use_icon=&#8221;off&#8221; module_alignment=&#8221;center&#8221; min_height=&#8221;555.3px&#8221; custom_padding=&#8221;19px||33px||false|false&#8221; custom_padding_tablet=&#8221;&#8221; custom_padding_phone=&#8221;0px||0px||false|false&#8221; custom_padding_last_edited=&#8221;on|phone&#8221; animation_style=&#8221;fade&#8221; animation_duration=&#8221;1200ms&#8221; title_font_size_tablet=&#8221;&#8221; title_font_size_phone=&#8221;32px&#8221; title_font_size_last_edited=&#8221;on|phone&#8221; content_font_size_tablet=&#8221;&#8221; content_font_size_phone=&#8221;14px&#8221; content_font_size_last_edited=&#8221;on|phone&#8221; button_one_text_size_tablet=&#8221;16px&#8221; button_one_text_size_phone=&#8221;13px&#8221; button_one_text_size_last_edited=&#8221;on|tablet&#8221; button_one_text_color_hover=&#8221;#6eba01&#8243; button_two_text_color_hover=&#8221;#6eba01&#8243; button_one_border_color_hover=&#8221;#ffffff&#8221; button_two_border_color_hover=&#8221;#ffffff&#8221; button_one_border_radius_hover=&#8221;0&#8243; button_two_border_radius_hover=&#8221;0&#8243; button_one_letter_spacing_hover=&#8221;2&#8243; button_two_letter_spacing_hover=&#8221;2&#8243; button_one_bg_color_hover=&#8221;#ffffff&#8221; button_two_bg_color_hover=&#8221;#ffffff&#8221; global_colors_info=&#8221;{}&#8221; button_one_text_size__hover_enabled=&#8221;off&#8221; button_two_text_size__hover_enabled=&#8221;off&#8221; button_one_text_color__hover_enabled=&#8221;on|hover&#8221; button_one_text_color__hover=&#8221;#0C71C3&#8243; button_two_text_color__hover_enabled=&#8221;on&#8221; button_two_text_color__hover=&#8221;#6eba01&#8243; button_one_border_width__hover_enabled=&#8221;off&#8221; button_two_border_width__hover_enabled=&#8221;off&#8221; button_one_border_color__hover_enabled=&#8221;on&#8221; button_one_border_color__hover=&#8221;#ffffff&#8221; button_two_border_color__hover_enabled=&#8221;on&#8221; button_two_border_color__hover=&#8221;#ffffff&#8221; button_one_border_radius__hover_enabled=&#8221;on&#8221; button_one_border_radius__hover=&#8221;0&#8243; button_two_border_radius__hover_enabled=&#8221;on&#8221; button_two_border_radius__hover=&#8221;0&#8243; button_one_letter_spacing__hover_enabled=&#8221;on&#8221; button_one_letter_spacing__hover=&#8221;2&#8243; button_two_letter_spacing__hover_enabled=&#8221;on&#8221; button_two_letter_spacing__hover=&#8221;2&#8243; button_one_bg_color__hover_enabled=&#8221;on&#8221; button_one_bg_color__hover=&#8221;#ffffff&#8221; button_two_bg_color__hover_enabled=&#8221;on&#8221; button_two_bg_color__hover=&#8221;#ffffff&#8221;]<\/p>\n<h1 class=\"freebirdFormviewerViewHeaderDescription\" dir=\"auto\"><\/h1>\n<h1 class=\"freebirdFormviewerViewHeaderDescription\" dir=\"auto\"><\/h1>\n<h1 class=\"freebirdFormviewerViewHeaderDescription\" dir=\"auto\"><\/h1>\n<h1 class=\"freebirdFormviewerViewHeaderDescription\" dir=\"auto\"><\/h1>\n<h1 class=\"freebirdFormviewerViewHeaderDescription\" dir=\"auto\"><\/h1>\n<h1 class=\"freebirdFormviewerViewHeaderDescription\" dir=\"auto\"><\/h1>\n<h1 class=\"freebirdFormviewerViewHeaderDescription\" dir=\"auto\">BINE A\u021aI VENIT LA UP&amp;UP!<\/h1>\n<p>Up&amp;Up este o ini\u021biativ\u0103 interna\u021bional\u0103 dedicat\u0103 promov\u0103rii egalit\u0103\u021bii de gen \u0219i prevenirii violen\u021bei de gen prin educa\u021bie, con\u0219tientizare \u0219i empowerment comunitar. Activitatea noastr\u0103 se axeaz\u0103 pe \u0219coli, familii, institu\u021bii \u0219i spa\u021bii digitale \u2013 oriunde schimbarea real\u0103 poate avea loc! <\/p>\n<p>[\/et_pb_fullwidth_header][\/et_pb_section][et_pb_section fb_built=&#8221;1&#8243; disabled_on=&#8221;off|off|off&#8221; admin_label=&#8221;Project Summary&#8221; module_id=&#8221;project-summary&#8221; _builder_version=&#8221;4.27.4&#8243; use_background_color_gradient=&#8221;on&#8221; background_color_gradient_stops=&#8221;rgba(233,239,243,0) 0%|#e9eff3 100%&#8221; background_color_gradient_start=&#8221;rgba(233,239,243,0)&#8221; background_color_gradient_end=&#8221;#e9eff3&#8243; background_image=&#8221;https:\/\/www.upanduperasmus.eu\/wp-content\/uploads\/2019\/10\/shapes-bg-1.png&#8221; parallax=&#8221;on&#8221; custom_padding=&#8221;6px|0px|0px|0px|false|false&#8221; bottom_divider_style=&#8221;curve2&#8243; bottom_divider_color=&#8221;RGBA(255,255,255,0)&#8221; collapsed=&#8221;on&#8221; global_colors_info=&#8221;{}&#8221;][et_pb_row column_structure=&#8221;1_2,1_2&#8243; _builder_version=&#8221;4.27.4&#8243; _module_preset=&#8221;default&#8221; min_height=&#8221;648px&#8221; custom_margin=&#8221;43px||||false|false&#8221; custom_margin_tablet=&#8221;43px||||false|false&#8221; custom_margin_phone=&#8221;86px||||false|false&#8221; custom_margin_last_edited=&#8221;on|phone&#8221; global_colors_info=&#8221;{}&#8221;][et_pb_column type=&#8221;1_2&#8243; _builder_version=&#8221;4.27.4&#8243; _module_preset=&#8221;default&#8221; global_colors_info=&#8221;{}&#8221;][et_pb_blurb title=&#8221;Up&amp;Up for Digital Society (2025)&#8221; url=&#8221;https:\/\/www.upanduperasmus.eu\/ro\/upup-for-digital-society\/&#8221; url_new_window=&#8221;on&#8221; image=&#8221;https:\/\/www.upanduperasmus.eu\/wp-content\/uploads\/2025\/04\/UPUP-FOR-DIGITAL-SOCIETY.png&#8221; image_icon_width=&#8221;87%&#8221; _builder_version=&#8221;4.27.4&#8243; _module_preset=&#8221;default&#8221; header_level=&#8221;h1&#8243; header_font=&#8221;Montserrat||||||||&#8221; header_text_align=&#8221;center&#8221; header_text_color=&#8221;#0C71C3&#8243; body_font=&#8221;Montserrat||||||||&#8221; body_text_align=&#8221;center&#8221; body_text_color=&#8221;#b51575&#8243; body_font_size=&#8221;17px&#8221; animation_style=&#8221;zoom&#8221; global_colors_info=&#8221;{}&#8221;]<\/p>\n<p>Un parteneriat european care abordeaz\u0103 stereotipurile de gen, violen\u021ba cibernetic\u0103 \u0219i riscurile digitale prin instrumente inovative \u0219i colaborare transna\u021bional\u0103.<\/p>\n<p>[\/et_pb_blurb][et_pb_button button_url=&#8221;https:\/\/www.upanduperasmus.eu\/ro\/upup-for-digital-society\/&#8221; url_new_window=&#8221;on&#8221; button_text=&#8221;EXPLORARE&#8221; button_alignment=&#8221;center&#8221; _builder_version=&#8221;4.27.4&#8243; _module_preset=&#8221;default&#8221; button_font=&#8221;Montserrat||||||||&#8221; button_use_icon=&#8221;off&#8221; custom_margin_tablet=&#8221;||70px||false|false&#8221; custom_margin_phone=&#8221;||90px||false|false&#8221; custom_margin_last_edited=&#8221;on|phone&#8221; animation_style=&#8221;zoom&#8221; global_colors_info=&#8221;{}&#8221;][\/et_pb_button][\/et_pb_column][et_pb_column type=&#8221;1_2&#8243; _builder_version=&#8221;4.27.4&#8243; _module_preset=&#8221;default&#8221; global_colors_info=&#8221;{}&#8221;][et_pb_blurb title=&#8221;Up&amp;Up (2022)&#8221; url=&#8221;https:\/\/www.upanduperasmus.eu\/ro\/homepage-2\/&#8221; url_new_window=&#8221;on&#8221; image=&#8221;https:\/\/www.upanduperasmus.eu\/wp-content\/uploads\/2019\/10\/LOGO_UPUP-RGB.png&#8221; image_icon_width=&#8221;52%&#8221; _builder_version=&#8221;4.27.4&#8243; _module_preset=&#8221;default&#8221; header_level=&#8221;h1&#8243; header_font=&#8221;Montserrat||||||||&#8221; header_text_align=&#8221;center&#8221; header_text_color=&#8221;#0C71C3&#8243; header_font_size=&#8221;30px&#8221; body_font=&#8221;Montserrat||||||||&#8221; body_text_align=&#8221;center&#8221; body_text_color=&#8221;#b51575&#8243; body_font_size=&#8221;17px&#8221; animation_style=&#8221;zoom&#8221; animation_duration=&#8221;1200ms&#8221; global_colors_info=&#8221;{}&#8221;]<\/p>\n<p>Proiectul nostru de baz\u0103 vizeaz\u0103 \u0219colile pentru a dezvolta con\u0219tientizarea emo\u021bional\u0103, rela\u021biile respectuoase \u0219i egalitatea de gen \u00een r\u00e2ndul tinerilor.<\/p>\n<p>[\/et_pb_blurb][et_pb_button button_url=&#8221;https:\/\/www.upanduperasmus.eu\/ro\/homepage-2\/&#8221; url_new_window=&#8221;on&#8221; button_text=&#8221;EXPLORARE&#8221; button_alignment=&#8221;center&#8221; _builder_version=&#8221;4.27.4&#8243; _module_preset=&#8221;default&#8221; button_font=&#8221;Montserrat||||||||&#8221; button_use_icon=&#8221;off&#8221; animation_style=&#8221;zoom&#8221; animation_duration=&#8221;1200ms&#8221; locked=&#8221;off&#8221; global_colors_info=&#8221;{}&#8221;][\/et_pb_button][\/et_pb_column][\/et_pb_row][et_pb_row _builder_version=&#8221;4.27.4&#8243; _module_preset=&#8221;default&#8221; custom_padding=&#8221;||0px|||&#8221; global_colors_info=&#8221;{}&#8221;][et_pb_column type=&#8221;4_4&#8243; _builder_version=&#8221;4.27.4&#8243; _module_preset=&#8221;default&#8221; global_colors_info=&#8221;{}&#8221;][et_pb_code _builder_version=&#8221;4.27.4&#8243; _module_preset=&#8221;default&#8221; global_colors_info=&#8221;{}&#8221;]\n<div class=\"wpml-ls-statics-footer wpml-ls wpml-ls-legacy-list-horizontal\">\n\t<ul><li class=\"wpml-ls-slot-footer wpml-ls-item wpml-ls-item-en wpml-ls-first-item wpml-ls-item-legacy-list-horizontal\">\n\t\t\t\t<a href=\"https:\/\/www.upanduperasmus.eu\/\" class=\"wpml-ls-link\">\n                                                        <img decoding=\"async\"\n            class=\"wpml-ls-flag\"\n            src=\"https:\/\/www.upanduperasmus.eu\/wp-content\/plugins\/sitepress-multilingual-cms\/res\/flags\/en.png\"\n            alt=\"\"\n            width=18\n            height=12\n    \/><span class=\"wpml-ls-native\" lang=\"en\">English<\/span><\/a>\n\t\t\t<\/li><li class=\"wpml-ls-slot-footer wpml-ls-item wpml-ls-item-it wpml-ls-item-legacy-list-horizontal\">\n\t\t\t\t<a href=\"https:\/\/www.upanduperasmus.eu\/it\/\" class=\"wpml-ls-link\">\n                                                        <img decoding=\"async\"\n            class=\"wpml-ls-flag\"\n            src=\"https:\/\/www.upanduperasmus.eu\/wp-content\/plugins\/sitepress-multilingual-cms\/res\/flags\/it.png\"\n            alt=\"\"\n            width=18\n            height=12\n    \/><span class=\"wpml-ls-native\" lang=\"it\">Italiano<\/span><\/a>\n\t\t\t<\/li><li class=\"wpml-ls-slot-footer wpml-ls-item wpml-ls-item-bg wpml-ls-item-legacy-list-horizontal\">\n\t\t\t\t<a href=\"https:\/\/www.upanduperasmus.eu\/bg\/\" class=\"wpml-ls-link\">\n                                                        <img decoding=\"async\"\n            class=\"wpml-ls-flag\"\n            src=\"https:\/\/www.upanduperasmus.eu\/wp-content\/plugins\/sitepress-multilingual-cms\/res\/flags\/bg.png\"\n            alt=\"\"\n            width=18\n            height=12\n    \/><span class=\"wpml-ls-native\" lang=\"bg\">\u0411\u044a\u043b\u0433\u0430\u0440\u0441\u043a\u0438<\/span><\/a>\n\t\t\t<\/li><li class=\"wpml-ls-slot-footer wpml-ls-item wpml-ls-item-es wpml-ls-item-legacy-list-horizontal\">\n\t\t\t\t<a href=\"https:\/\/www.upanduperasmus.eu\/es\/\" class=\"wpml-ls-link\">\n                                                        <img decoding=\"async\"\n            class=\"wpml-ls-flag\"\n            src=\"https:\/\/www.upanduperasmus.eu\/wp-content\/plugins\/sitepress-multilingual-cms\/res\/flags\/es.png\"\n            alt=\"\"\n            width=18\n            height=12\n    \/><span class=\"wpml-ls-native\" lang=\"es\">Espa\u00f1ol<\/span><\/a>\n\t\t\t<\/li><li class=\"wpml-ls-slot-footer wpml-ls-item wpml-ls-item-ro wpml-ls-current-language wpml-ls-last-item wpml-ls-item-legacy-list-horizontal\">\n\t\t\t\t<a href=\"https:\/\/www.upanduperasmus.eu\/ro\/\" class=\"wpml-ls-link\">\n                                                        <img decoding=\"async\"\n            class=\"wpml-ls-flag\"\n            src=\"https:\/\/www.upanduperasmus.eu\/wp-content\/plugins\/sitepress-multilingual-cms\/res\/flags\/ro.png\"\n            alt=\"\"\n            width=18\n            height=12\n    \/><span class=\"wpml-ls-native\">Rom\u00e2n\u0103<\/span><\/a>\n\t\t\t<\/li><\/ul>\n<\/div>\n[\/et_pb_code][\/et_pb_column][\/et_pb_row][\/et_pb_section]<\/p>\n","protected":false},"excerpt":{"rendered":"<p>BINE A\u021aI VENIT LA UP&amp;UP! Up&amp;Up este o ini\u021biativ\u0103 interna\u021bional\u0103 dedicat\u0103 promov\u0103rii egalit\u0103\u021bii de gen \u0219i prevenirii violen\u021bei de gen prin educa\u021bie, con\u0219tientizare \u0219i empowerment comunitar. Activitatea noastr\u0103 se axeaz\u0103 pe \u0219coli, familii, institu\u021bii \u0219i spa\u021bii digitale \u2013 oriunde schimbarea real\u0103 poate avea loc! Un parteneriat european care abordeaz\u0103 stereotipurile de gen, violen\u021ba cibernetic\u0103 \u0219i [&hellip;]<\/p>\n","protected":false},"author":1,"featured_media":0,"parent":0,"menu_order":0,"comment_status":"closed","ping_status":"closed","template":"","meta":{"_et_pb_use_builder":"on","_et_pb_old_content":"","_et_gb_content_width":"","footnotes":""},"class_list":["post-10136","page","type-page","status-publish","hentry"],"yoast_head":"<!-- This site is optimized with the Yoast SEO plugin v25.3 - https:\/\/yoast.com\/wordpress\/plugins\/seo\/ -->\n<title>Bine a\u021bi venit pe pagina proiectului UP&amp;UP<\/title>\n<meta name=\"description\" content=\"UP&amp;UP: \u00eembun\u0103t\u0103\u021birea competen\u021belor formatorilor \u0219i educatorilor \u00een violen\u021ba bazat\u0103 pe gen pentru a cre\u0219te con\u0219tientizarea \u00een r\u00e2ndul tinerilor \u00eempotriva violen\u021bei.\" \/>\n<meta name=\"robots\" content=\"index, follow, max-snippet:-1, max-image-preview:large, max-video-preview:-1\" \/>\n<link rel=\"canonical\" href=\"https:\/\/www.upanduperasmus.eu\/ro\/pagina-principala-2025\/\" \/>\n<meta property=\"og:locale\" content=\"ro_RO\" \/>\n<meta property=\"og:type\" content=\"article\" \/>\n<meta property=\"og:title\" content=\"Bine a\u021bi venit pe pagina proiectului UP&amp;UP\" \/>\n<meta property=\"og:description\" content=\"UP&amp;UP: \u00eembun\u0103t\u0103\u021birea competen\u021belor formatorilor \u0219i educatorilor \u00een violen\u021ba bazat\u0103 pe gen pentru a cre\u0219te con\u0219tientizarea \u00een r\u00e2ndul tinerilor \u00eempotriva violen\u021bei.\" \/>\n<meta property=\"og:url\" content=\"https:\/\/www.upanduperasmus.eu\/ro\/pagina-principala-2025\/\" \/>\n<meta property=\"article:modified_time\" content=\"2025-07-24T10:56:33+00:00\" \/>\n<meta name=\"twitter:card\" content=\"summary_large_image\" \/>\n<meta name=\"twitter:label1\" content=\"Timp estimat pentru citire\" \/>\n\t<meta name=\"twitter:data1\" content=\"6 minute\" \/>\n<script type=\"application\/ld+json\" class=\"yoast-schema-graph\">{\"@context\":\"https:\/\/schema.org\",\"@graph\":[{\"@type\":\"WebPage\",\"@id\":\"https:\/\/www.upanduperasmus.eu\/ro\/pagina-principala-2025\/\",\"url\":\"https:\/\/www.upanduperasmus.eu\/ro\/pagina-principala-2025\/\",\"name\":\"Bine a\u021bi venit pe pagina proiectului UP&UP\",\"isPartOf\":{\"@id\":\"https:\/\/www.upanduperasmus.eu\/#website\"},\"datePublished\":\"2025-04-23T13:55:07+00:00\",\"dateModified\":\"2025-07-24T10:56:33+00:00\",\"description\":\"UP&UP: \u00eembun\u0103t\u0103\u021birea competen\u021belor formatorilor \u0219i educatorilor \u00een violen\u021ba bazat\u0103 pe gen pentru a cre\u0219te con\u0219tientizarea \u00een r\u00e2ndul tinerilor \u00eempotriva violen\u021bei.\",\"breadcrumb\":{\"@id\":\"https:\/\/www.upanduperasmus.eu\/ro\/pagina-principala-2025\/#breadcrumb\"},\"inLanguage\":\"ro-RO\",\"potentialAction\":[{\"@type\":\"ReadAction\",\"target\":[\"https:\/\/www.upanduperasmus.eu\/ro\/pagina-principala-2025\/\"]}]},{\"@type\":\"BreadcrumbList\",\"@id\":\"https:\/\/www.upanduperasmus.eu\/ro\/pagina-principala-2025\/#breadcrumb\",\"itemListElement\":[{\"@type\":\"ListItem\",\"position\":1,\"name\":\"Home\",\"item\":\"https:\/\/www.upanduperasmus.eu\/ro\/pagina-principala-2025\/\"},{\"@type\":\"ListItem\",\"position\":2,\"name\":\"Pagina principal\u0103 2025\"}]},{\"@type\":\"WebSite\",\"@id\":\"https:\/\/www.upanduperasmus.eu\/#website\",\"url\":\"https:\/\/www.upanduperasmus.eu\/\",\"name\":\"UP&UP UPscaling trainers and educators\u2019 competencies on gender based violence to UPscaling awareness among young people against violence\",\"description\":\"\",\"publisher\":{\"@id\":\"https:\/\/www.upanduperasmus.eu\/#organization\"},\"potentialAction\":[{\"@type\":\"SearchAction\",\"target\":{\"@type\":\"EntryPoint\",\"urlTemplate\":\"https:\/\/www.upanduperasmus.eu\/?s={search_term_string}\"},\"query-input\":{\"@type\":\"PropertyValueSpecification\",\"valueRequired\":true,\"valueName\":\"search_term_string\"}}],\"inLanguage\":\"ro-RO\"},{\"@type\":\"Organization\",\"@id\":\"https:\/\/www.upanduperasmus.eu\/#organization\",\"name\":\"UP&UP UPscaling trainers and educators\u2019 competencies on gender based violence to UPscaling awareness among young people against violence\",\"url\":\"https:\/\/www.upanduperasmus.eu\/\",\"logo\":{\"@type\":\"ImageObject\",\"inLanguage\":\"ro-RO\",\"@id\":\"https:\/\/www.upanduperasmus.eu\/#\/schema\/logo\/image\/\",\"url\":\"https:\/\/www.upanduperasmus.eu\/wp-content\/uploads\/2019\/10\/EU-flag-Erasmus_vect_POS.png\",\"contentUrl\":\"https:\/\/www.upanduperasmus.eu\/wp-content\/uploads\/2019\/10\/EU-flag-Erasmus_vect_POS.png\",\"width\":943,\"height\":269,\"caption\":\"UP&UP UPscaling trainers and educators\u2019 competencies on gender based violence to UPscaling awareness among young people against violence\"},\"image\":{\"@id\":\"https:\/\/www.upanduperasmus.eu\/#\/schema\/logo\/image\/\"}}]}<\/script>\n<!-- \/ Yoast SEO plugin. -->","yoast_head_json":{"title":"Bine a\u021bi venit pe pagina proiectului UP&UP","description":"UP&UP: \u00eembun\u0103t\u0103\u021birea competen\u021belor formatorilor \u0219i educatorilor \u00een violen\u021ba bazat\u0103 pe gen pentru a cre\u0219te con\u0219tientizarea \u00een r\u00e2ndul tinerilor \u00eempotriva violen\u021bei.","robots":{"index":"index","follow":"follow","max-snippet":"max-snippet:-1","max-image-preview":"max-image-preview:large","max-video-preview":"max-video-preview:-1"},"canonical":"https:\/\/www.upanduperasmus.eu\/ro\/pagina-principala-2025\/","og_locale":"ro_RO","og_type":"article","og_title":"Bine a\u021bi venit pe pagina proiectului UP&UP","og_description":"UP&UP: \u00eembun\u0103t\u0103\u021birea competen\u021belor formatorilor \u0219i educatorilor \u00een violen\u021ba bazat\u0103 pe gen pentru a cre\u0219te con\u0219tientizarea \u00een r\u00e2ndul tinerilor \u00eempotriva violen\u021bei.","og_url":"https:\/\/www.upanduperasmus.eu\/ro\/pagina-principala-2025\/","article_modified_time":"2025-07-24T10:56:33+00:00","twitter_card":"summary_large_image","twitter_misc":{"Timp estimat pentru citire":"6 minute"},"schema":{"@context":"https:\/\/schema.org","@graph":[{"@type":"WebPage","@id":"https:\/\/www.upanduperasmus.eu\/ro\/pagina-principala-2025\/","url":"https:\/\/www.upanduperasmus.eu\/ro\/pagina-principala-2025\/","name":"Bine a\u021bi venit pe pagina proiectului UP&UP","isPartOf":{"@id":"https:\/\/www.upanduperasmus.eu\/#website"},"datePublished":"2025-04-23T13:55:07+00:00","dateModified":"2025-07-24T10:56:33+00:00","description":"UP&UP: \u00eembun\u0103t\u0103\u021birea competen\u021belor formatorilor \u0219i educatorilor \u00een violen\u021ba bazat\u0103 pe gen pentru a cre\u0219te con\u0219tientizarea \u00een r\u00e2ndul tinerilor \u00eempotriva violen\u021bei.","breadcrumb":{"@id":"https:\/\/www.upanduperasmus.eu\/ro\/pagina-principala-2025\/#breadcrumb"},"inLanguage":"ro-RO","potentialAction":[{"@type":"ReadAction","target":["https:\/\/www.upanduperasmus.eu\/ro\/pagina-principala-2025\/"]}]},{"@type":"BreadcrumbList","@id":"https:\/\/www.upanduperasmus.eu\/ro\/pagina-principala-2025\/#breadcrumb","itemListElement":[{"@type":"ListItem","position":1,"name":"Home","item":"https:\/\/www.upanduperasmus.eu\/ro\/pagina-principala-2025\/"},{"@type":"ListItem","position":2,"name":"Pagina principal\u0103 2025"}]},{"@type":"WebSite","@id":"https:\/\/www.upanduperasmus.eu\/#website","url":"https:\/\/www.upanduperasmus.eu\/","name":"UP&UP UPscaling trainers and educators\u2019 competencies on gender based violence to UPscaling awareness among young people against violence","description":"","publisher":{"@id":"https:\/\/www.upanduperasmus.eu\/#organization"},"potentialAction":[{"@type":"SearchAction","target":{"@type":"EntryPoint","urlTemplate":"https:\/\/www.upanduperasmus.eu\/?s={search_term_string}"},"query-input":{"@type":"PropertyValueSpecification","valueRequired":true,"valueName":"search_term_string"}}],"inLanguage":"ro-RO"},{"@type":"Organization","@id":"https:\/\/www.upanduperasmus.eu\/#organization","name":"UP&UP UPscaling trainers and educators\u2019 competencies on gender based violence to UPscaling awareness among young people against violence","url":"https:\/\/www.upanduperasmus.eu\/","logo":{"@type":"ImageObject","inLanguage":"ro-RO","@id":"https:\/\/www.upanduperasmus.eu\/#\/schema\/logo\/image\/","url":"https:\/\/www.upanduperasmus.eu\/wp-content\/uploads\/2019\/10\/EU-flag-Erasmus_vect_POS.png","contentUrl":"https:\/\/www.upanduperasmus.eu\/wp-content\/uploads\/2019\/10\/EU-flag-Erasmus_vect_POS.png","width":943,"height":269,"caption":"UP&UP UPscaling trainers and educators\u2019 competencies on gender based violence to UPscaling awareness among young people against violence"},"image":{"@id":"https:\/\/www.upanduperasmus.eu\/#\/schema\/logo\/image\/"}}]}},"_links":{"self":[{"href":"https:\/\/www.upanduperasmus.eu\/ro\/wp-json\/wp\/v2\/pages\/10136","targetHints":{"allow":["GET"]}}],"collection":[{"href":"https:\/\/www.upanduperasmus.eu\/ro\/wp-json\/wp\/v2\/pages"}],"about":[{"href":"https:\/\/www.upanduperasmus.eu\/ro\/wp-json\/wp\/v2\/types\/page"}],"author":[{"embeddable":true,"href":"https:\/\/www.upanduperasmus.eu\/ro\/wp-json\/wp\/v2\/users\/1"}],"replies":[{"embeddable":true,"href":"https:\/\/www.upanduperasmus.eu\/ro\/wp-json\/wp\/v2\/comments?post=10136"}],"version-history":[{"count":8,"href":"https:\/\/www.upanduperasmus.eu\/ro\/wp-json\/wp\/v2\/pages\/10136\/revisions"}],"predecessor-version":[{"id":11294,"href":"https:\/\/www.upanduperasmus.eu\/ro\/wp-json\/wp\/v2\/pages\/10136\/revisions\/11294"}],"wp:attachment":[{"href":"https:\/\/www.upanduperasmus.eu\/ro\/wp-json\/wp\/v2\/media?parent=10136"}],"curies":[{"name":"wp","href":"https:\/\/api.w.org\/{rel}","templated":true}]}}