{"id":10401,"date":"2025-04-24T16:28:12","date_gmt":"2025-04-24T14:28:12","guid":{"rendered":"https:\/\/www.upanduperasmus.eu\/?page_id=10401"},"modified":"2025-06-16T15:37:30","modified_gmt":"2025-06-16T13:37:30","slug":"contacteaza-ne","status":"publish","type":"page","link":"https:\/\/www.upanduperasmus.eu\/ro\/contacteaza-ne\/","title":{"rendered":"Contacteaz\u0103-ne"},"content":{"rendered":"<p>[et_pb_section fb_built=&#8221;1&#8243; fullwidth=&#8221;on&#8221; next_background_color=&#8221;#ffffff&#8221; admin_label=&#8221;Mani reggono cubetti prima di news&#8221; _builder_version=&#8221;4.27.4&#8243; use_background_color_gradient=&#8221;on&#8221; background_color_gradient_stops=&#8221;#2b87da 0%|rgba(255,255,255,0) 100%&#8221; custom_margin=&#8221;-2px||||false|false&#8221; custom_margin_tablet=&#8221;&#8221; custom_margin_phone=&#8221;0px||||false|false&#8221; custom_margin_last_edited=&#8221;on|phone&#8221; custom_padding=&#8221;0px||||false|false&#8221; bottom_divider_style=&#8221;clouds2&#8243; collapsed=&#8221;on&#8221; global_colors_info=&#8221;{}&#8221;][et_pb_fullwidth_image _builder_version=&#8221;4.27.4&#8243; use_background_color_gradient=&#8221;on&#8221; background_color_gradient_stops=&#8221;#2b87da 0%|rgba(255,255,255,0) 100%&#8221; custom_margin=&#8221;||-25px|||&#8221; custom_padding=&#8221;0px||0px|||&#8221; global_colors_info=&#8221;{}&#8221;][\/et_pb_fullwidth_image][\/et_pb_section][et_pb_section fb_built=&#8221;1&#8243; prev_background_color=&#8221;#ffffff&#8221; admin_label=&#8221;Project Partnership&#8221; module_id=&#8221;partners&#8221; _builder_version=&#8221;4.27.4&#8243; use_background_color_gradient=&#8221;on&#8221; background_color_gradient_stops=&#8221;rgba(233,239,243,0) 0%|#e9eff3 100%&#8221; background_color_gradient_start=&#8221;rgba(233,239,243,0)&#8221; background_color_gradient_end=&#8221;#e9eff3&#8243; background_image=&#8221;https:\/\/www.upanduperasmus.eu\/wp-content\/uploads\/2019\/10\/shapes-bg-color.png&#8221; parallax=&#8221;on&#8221; min_height=&#8221;283px&#8221; custom_padding=&#8221;3px|0px|129px|0px|false|false&#8221; top_divider_style=&#8221;wave2&#8243; top_divider_height=&#8221;22px&#8221; top_divider_flip=&#8221;horizontal&#8221; collapsed=&#8221;off&#8221; global_colors_info=&#8221;{}&#8221;][et_pb_row _builder_version=&#8221;4.27.4&#8243; _module_preset=&#8221;default&#8221; custom_margin=&#8221;77px||-125px||false|false&#8221; global_colors_info=&#8221;{}&#8221;][et_pb_column type=&#8221;4_4&#8243; _builder_version=&#8221;4.27.4&#8243; _module_preset=&#8221;default&#8221; global_colors_info=&#8221;{}&#8221;][et_pb_text _builder_version=&#8221;4.27.4&#8243; text_font=&#8221;Rubik|500|||||||&#8221; text_font_size=&#8221;16px&#8221; text_line_height=&#8221;2em&#8221; header_font=&#8221;||||||||&#8221; header_2_font=&#8221;Rubik|700|||||||&#8221; header_2_font_size=&#8221;40px&#8221; header_2_line_height=&#8221;1.4em&#8221; header_5_font=&#8221;Rubik|700||on|||||&#8221; header_5_text_color=&#8221;#2b76df&#8221; header_5_letter_spacing=&#8221;5px&#8221; header_5_line_height=&#8221;1.5em&#8221; text_orientation=&#8221;center&#8221; max_width=&#8221;700px&#8221; module_alignment=&#8221;center&#8221; custom_margin=&#8221;|||&#8221; custom_margin_tablet=&#8221;0px|||&#8221; custom_margin_last_edited=&#8221;off|desktop&#8221; text_line_height_last_edited=&#8221;off|desktop&#8221; header_2_font_size_tablet=&#8221;&#8221; header_2_font_size_phone=&#8221;30px&#8221; header_2_font_size_last_edited=&#8221;on|phone&#8221; locked=&#8221;off&#8221; global_colors_info=&#8221;{}&#8221;]<\/p>\n<h2>Contacteaz\u0103-ne<\/h2>\n<p>[\/et_pb_text][\/et_pb_column][\/et_pb_row][\/et_pb_section][et_pb_section fb_built=&#8221;1&#8243; admin_label=&#8221;Footer&#8221; module_id=&#8221;contactus&#8221; _builder_version=&#8221;4.27.4&#8243; background_image=&#8221;https:\/\/www.upanduperasmus.eu\/wp-content\/uploads\/2019\/10\/jess-watters-483666-unsplash.jpg&#8221; parallax=&#8221;on&#8221; custom_margin=&#8221;|||&#8221; custom_padding=&#8221;0px|||||&#8221; top_divider_style=&#8221;arrow2&#8243; top_divider_color=&#8221;rgba(242,213,222,0.95)&#8221; top_divider_height=&#8221;23px&#8221; bottom_divider_height=&#8221;61px&#8221; collapsed=&#8221;on&#8221; global_colors_info=&#8221;{}&#8221;][et_pb_row use_custom_gutter=&#8221;on&#8221; gutter_width=&#8221;2&#8243; make_equal=&#8221;on&#8221; _builder_version=&#8221;4.16&#8243; custom_padding=&#8221;|||&#8221; animation_style=&#8221;fade&#8221; border_radii=&#8221;on|10px|10px|10px|10px&#8221; global_colors_info=&#8221;{}&#8221;][et_pb_column type=&#8221;4_4&#8243; _builder_version=&#8221;4.16&#8243; custom_padding=&#8221;|||&#8221; global_colors_info=&#8221;{}&#8221; custom_padding__hover=&#8221;|||&#8221;][et_pb_cta title=&#8221;Contacta\u0163i-ne&#8221; button_url=&#8221;http:\/\/info@upanduperasmus.eu&#8221; _builder_version=&#8221;4.27.4&#8243; header_font=&#8221;Rubik|700|||||||&#8221; header_font_size=&#8221;40px&#8221; header_line_height=&#8221;1.4em&#8221; body_font=&#8221;Rubik||||||||&#8221; body_line_height=&#8221;2em&#8221; background_color=&#8221;#ffffff&#8221; custom_button=&#8221;on&#8221; button_text_size=&#8221;16px&#8221; button_text_color=&#8221;#ffffff&#8221; button_bg_color=&#8221;#7f5aff&#8221; button_border_width=&#8221;10px&#8221; button_border_color=&#8221;rgba(65,65,144,0)&#8221; button_border_radius=&#8221;70px&#8221; button_font=&#8221;Rubik|700|||||||&#8221; button_use_icon=&#8221;off&#8221; text_orientation=&#8221;left&#8221; background_layout=&#8221;light&#8221; max_width_last_edited=&#8221;off|desktop&#8221; module_alignment=&#8221;right&#8221; custom_margin=&#8221;|||&#8221; custom_padding=&#8221;64px|60px|64px|60px|true&#8221; header_font_size_tablet=&#8221;&#8221; header_font_size_phone=&#8221;30px&#8221; header_font_size_last_edited=&#8221;on|phone&#8221; body_line_height_last_edited=&#8221;off|desktop&#8221; border_radii=&#8221;on|10px|10px|10px|10px&#8221; button_text_color_hover=&#8221;#ffffff&#8221; button_border_radius_hover=&#8221;70px&#8221; button_bg_color_hover=&#8221;#9577ff&#8221; global_colors_info=&#8221;{}&#8221; button_text_size__hover_enabled=&#8221;off&#8221; button_one_text_size__hover_enabled=&#8221;off&#8221; button_two_text_size__hover_enabled=&#8221;off&#8221; button_text_color__hover_enabled=&#8221;on&#8221; button_text_color__hover=&#8221;#ffffff&#8221; button_one_text_color__hover_enabled=&#8221;off&#8221; button_two_text_color__hover_enabled=&#8221;off&#8221; button_border_width__hover_enabled=&#8221;off&#8221; button_one_border_width__hover_enabled=&#8221;off&#8221; button_two_border_width__hover_enabled=&#8221;off&#8221; button_border_color__hover_enabled=&#8221;off&#8221; button_one_border_color__hover_enabled=&#8221;off&#8221; button_two_border_color__hover_enabled=&#8221;off&#8221; button_border_radius__hover_enabled=&#8221;on&#8221; button_border_radius__hover=&#8221;70px&#8221; button_one_border_radius__hover_enabled=&#8221;off&#8221; button_two_border_radius__hover_enabled=&#8221;off&#8221; button_letter_spacing__hover_enabled=&#8221;off&#8221; button_one_letter_spacing__hover_enabled=&#8221;off&#8221; button_two_letter_spacing__hover_enabled=&#8221;off&#8221; button_bg_color__hover_enabled=&#8221;on&#8221; button_bg_color__hover=&#8221;#9577ff&#8221; button_one_bg_color__hover_enabled=&#8221;off&#8221; button_two_bg_color__hover_enabled=&#8221;off&#8221;]<\/p>\n<p><strong>Loca\u021bie<\/strong>: <a href=\"https:\/\/goo.gl\/maps\/HeZHULZaFzdzym558\">viale Giuseppe Mazzini 73, 00195 Roma (RM)<\/a><\/p>\n<p><strong>Telefon:<\/strong> <a class=\"fl r-iKem_vjaTlPU\" href=\"tel:+390637518282\" data-number=\"+390637518282\" data-pstn-out-call-url=\"\" title=\"Sun\u0103 prin Hangouts\" jsaction=\"r.oVdbr2mIpA8\" data-rtid=\"iKem_vjaTlPU\" jsl=\"$t t-6xg4lalHw8M;$x 0;\" data-ved=\"2ahUKEwj-o9Wys7LlAhXLxqQKHcvsDFcQkAgoADAWegQIEhAD\">+39 06 3751 8282<\/a><\/p>\n<p><strong>Email:<\/strong> <\/p>\n<ul>\n<li><a href=\"mailto:info@upanduperasmus.eu\" style=\"font-size: 14px;\">info@upanduperasmus.eu<\/a><\/li>\n<li><a href=\"mailto:upandup@telefonorosa.it\">upandup@telefonorosa.it<\/a> <\/li>\n<\/ul>\n<p>[\/et_pb_cta][\/et_pb_column][\/et_pb_row][et_pb_row _builder_version=&#8221;4.27.4&#8243; _module_preset=&#8221;default&#8221; background_color=&#8221;#FFFFFF&#8221; width=&#8221;63%&#8221; width_tablet=&#8221;63%&#8221; width_phone=&#8221;80%&#8221; width_last_edited=&#8221;on|phone&#8221; max_width=&#8221;967px&#8221; max_width_tablet=&#8221;967px&#8221; max_width_phone=&#8221;100%&#8221; max_width_last_edited=&#8221;on|phone&#8221; custom_margin=&#8221;|||221px|false|false&#8221; custom_margin_tablet=&#8221;|||77px|false|false&#8221; custom_margin_phone=&#8221;|||40px|false|false&#8221; custom_margin_last_edited=&#8221;on|tablet&#8221; border_radii=&#8221;on|12px|12px|12px|12px&#8221; global_colors_info=&#8221;{}&#8221; locked=&#8221;off&#8221;][et_pb_column type=&#8221;4_4&#8243; _builder_version=&#8221;4.27.4&#8243; _module_preset=&#8221;default&#8221; global_colors_info=&#8221;{}&#8221;][et_pb_text _builder_version=&#8221;4.27.4&#8243; _module_preset=&#8221;default&#8221; header_2_font=&#8221;Montserrat||||||||&#8221; background_color=&#8221;RGBA(255,255,255,0)&#8221; width=&#8221;26%&#8221; width_tablet=&#8221;26%&#8221; width_phone=&#8221;100%&#8221; width_last_edited=&#8221;on|phone&#8221; max_width=&#8221;100%&#8221; custom_margin=&#8221;0px||||false|false&#8221; custom_margin_tablet=&#8221;0px||||false|false&#8221; custom_margin_phone=&#8221;|||0px|false|false&#8221; custom_margin_last_edited=&#8221;on|phone&#8221; custom_padding=&#8221;|||60px|false|false&#8221; custom_padding_tablet=&#8221;|||60px|false|false&#8221; custom_padding_phone=&#8221;|||24px|false|false&#8221; custom_padding_last_edited=&#8221;on|phone&#8221; global_colors_info=&#8221;{}&#8221;]<\/p>\n<h2><strong>Social Media:<\/strong><\/h2>\n<p>[\/et_pb_text][et_pb_social_media_follow _builder_version=&#8221;4.27.4&#8243; _module_preset=&#8221;default&#8221; background_color=&#8221;RGBA(255,255,255,0)&#8221; width=&#8221;12%&#8221; width_tablet=&#8221;12%&#8221; width_phone=&#8221;100%&#8221; width_last_edited=&#8221;on|phone&#8221; max_width=&#8221;100%&#8221; custom_margin=&#8221;-22px|||70px|false|false&#8221; custom_margin_tablet=&#8221;-22px|||57px|false|false&#8221; custom_margin_phone=&#8221;-22px|||31px|false|false&#8221; custom_margin_last_edited=&#8221;on|phone&#8221; custom_padding_tablet=&#8221;&#8221; custom_padding_phone=&#8221;|||0px|false|false&#8221; custom_padding_last_edited=&#8221;on|phone&#8221; border_radii=&#8221;on|67px|67px|67px|67px&#8221; global_colors_info=&#8221;{}&#8221;][et_pb_social_media_follow_network social_network=&#8221;facebook&#8221; url=&#8221;https:\/\/www.facebook.com\/UPUP4DS\/&#8221; _builder_version=&#8221;4.27.4&#8243; _module_preset=&#8221;default&#8221; background_color=&#8221;#3b5998&#8243; global_colors_info=&#8221;{}&#8221; follow_button=&#8221;off&#8221; url_new_window=&#8221;on&#8221;]facebook[\/et_pb_social_media_follow_network][et_pb_social_media_follow_network social_network=&#8221;instagram&#8221; url=&#8221;https:\/\/www.instagram.com\/upup4ds\/&#8221; _builder_version=&#8221;4.27.4&#8243; _module_preset=&#8221;default&#8221; background_color=&#8221;#ea2c59&#8243; global_colors_info=&#8221;{}&#8221; follow_button=&#8221;off&#8221; url_new_window=&#8221;on&#8221;]instagram[\/et_pb_social_media_follow_network][et_pb_social_media_follow_network social_network=&#8221;youtube&#8221; url=&#8221;https:\/\/www.youtube.com\/@UPUP4DS\/featured&#8221; _builder_version=&#8221;4.27.4&#8243; _module_preset=&#8221;default&#8221; background_color=&#8221;#a82400&#8243; global_colors_info=&#8221;{}&#8221; follow_button=&#8221;off&#8221; url_new_window=&#8221;on&#8221;]youtube[\/et_pb_social_media_follow_network][\/et_pb_social_media_follow][\/et_pb_column][\/et_pb_row][\/et_pb_section]<\/p>\n","protected":false},"excerpt":{"rendered":"<p>Contacteaz\u0103-neLoca\u021bie: viale Giuseppe Mazzini 73, 00195 Roma (RM) Telefon: +39 06 3751 8282 Email: info@upanduperasmus.eu upandup@telefonorosa.it Social Media:<\/p>\n","protected":false},"author":1,"featured_media":0,"parent":0,"menu_order":0,"comment_status":"closed","ping_status":"closed","template":"","meta":{"_et_pb_use_builder":"on","_et_pb_old_content":"","_et_gb_content_width":"","footnotes":""},"class_list":["post-10401","page","type-page","status-publish","hentry"],"yoast_head":"<!-- This site is optimized with the Yoast SEO plugin v25.3 - https:\/\/yoast.com\/wordpress\/plugins\/seo\/ -->\n<title>Bine a\u021bi venit pe pagina proiectului UP&amp;UP<\/title>\n<meta name=\"description\" content=\"UP&amp;UP: \u00eembun\u0103t\u0103\u021birea competen\u021belor formatorilor \u0219i educatorilor \u00een violen\u021ba bazat\u0103 pe gen pentru a cre\u0219te con\u0219tientizarea \u00een r\u00e2ndul tinerilor \u00eempotriva violen\u021bei.\" \/>\n<meta name=\"robots\" content=\"index, follow, max-snippet:-1, max-image-preview:large, max-video-preview:-1\" \/>\n<link rel=\"canonical\" href=\"https:\/\/www.upanduperasmus.eu\/ro\/contacteaza-ne\/\" \/>\n<meta property=\"og:locale\" content=\"ro_RO\" \/>\n<meta property=\"og:type\" content=\"article\" \/>\n<meta property=\"og:title\" content=\"Bine a\u021bi venit pe pagina proiectului UP&amp;UP\" \/>\n<meta property=\"og:description\" content=\"UP&amp;UP: \u00eembun\u0103t\u0103\u021birea competen\u021belor formatorilor \u0219i educatorilor \u00een violen\u021ba bazat\u0103 pe gen pentru a cre\u0219te con\u0219tientizarea \u00een r\u00e2ndul tinerilor \u00eempotriva violen\u021bei.\" \/>\n<meta property=\"og:url\" content=\"https:\/\/www.upanduperasmus.eu\/ro\/contacteaza-ne\/\" \/>\n<meta property=\"article:modified_time\" content=\"2025-06-16T13:37:30+00:00\" \/>\n<meta name=\"twitter:card\" content=\"summary_large_image\" \/>\n<meta name=\"twitter:label1\" content=\"Timp estimat pentru citire\" \/>\n\t<meta name=\"twitter:data1\" content=\"6 minute\" \/>\n<script type=\"application\/ld+json\" class=\"yoast-schema-graph\">{\"@context\":\"https:\/\/schema.org\",\"@graph\":[{\"@type\":\"WebPage\",\"@id\":\"https:\/\/www.upanduperasmus.eu\/ro\/contacteaza-ne\/\",\"url\":\"https:\/\/www.upanduperasmus.eu\/ro\/contacteaza-ne\/\",\"name\":\"Bine a\u021bi venit pe pagina proiectului UP&UP\",\"isPartOf\":{\"@id\":\"https:\/\/www.upanduperasmus.eu\/#website\"},\"datePublished\":\"2025-04-24T14:28:12+00:00\",\"dateModified\":\"2025-06-16T13:37:30+00:00\",\"description\":\"UP&UP: \u00eembun\u0103t\u0103\u021birea competen\u021belor formatorilor \u0219i educatorilor \u00een violen\u021ba bazat\u0103 pe gen pentru a cre\u0219te con\u0219tientizarea \u00een r\u00e2ndul tinerilor \u00eempotriva violen\u021bei.\",\"breadcrumb\":{\"@id\":\"https:\/\/www.upanduperasmus.eu\/ro\/contacteaza-ne\/#breadcrumb\"},\"inLanguage\":\"ro-RO\",\"potentialAction\":[{\"@type\":\"ReadAction\",\"target\":[\"https:\/\/www.upanduperasmus.eu\/ro\/contacteaza-ne\/\"]}]},{\"@type\":\"BreadcrumbList\",\"@id\":\"https:\/\/www.upanduperasmus.eu\/ro\/contacteaza-ne\/#breadcrumb\",\"itemListElement\":[{\"@type\":\"ListItem\",\"position\":1,\"name\":\"Home\",\"item\":\"https:\/\/www.upanduperasmus.eu\/ro\/pagina-principala-2025\/\"},{\"@type\":\"ListItem\",\"position\":2,\"name\":\"Contacteaz\u0103-ne\"}]},{\"@type\":\"WebSite\",\"@id\":\"https:\/\/www.upanduperasmus.eu\/#website\",\"url\":\"https:\/\/www.upanduperasmus.eu\/\",\"name\":\"UP&UP UPscaling trainers and educators\u2019 competencies on gender based violence to UPscaling awareness among young people against violence\",\"description\":\"\",\"publisher\":{\"@id\":\"https:\/\/www.upanduperasmus.eu\/#organization\"},\"potentialAction\":[{\"@type\":\"SearchAction\",\"target\":{\"@type\":\"EntryPoint\",\"urlTemplate\":\"https:\/\/www.upanduperasmus.eu\/?s={search_term_string}\"},\"query-input\":{\"@type\":\"PropertyValueSpecification\",\"valueRequired\":true,\"valueName\":\"search_term_string\"}}],\"inLanguage\":\"ro-RO\"},{\"@type\":\"Organization\",\"@id\":\"https:\/\/www.upanduperasmus.eu\/#organization\",\"name\":\"UP&UP UPscaling trainers and educators\u2019 competencies on gender based violence to UPscaling awareness among young people against violence\",\"url\":\"https:\/\/www.upanduperasmus.eu\/\",\"logo\":{\"@type\":\"ImageObject\",\"inLanguage\":\"ro-RO\",\"@id\":\"https:\/\/www.upanduperasmus.eu\/#\/schema\/logo\/image\/\",\"url\":\"https:\/\/www.upanduperasmus.eu\/wp-content\/uploads\/2019\/10\/EU-flag-Erasmus_vect_POS.png\",\"contentUrl\":\"https:\/\/www.upanduperasmus.eu\/wp-content\/uploads\/2019\/10\/EU-flag-Erasmus_vect_POS.png\",\"width\":943,\"height\":269,\"caption\":\"UP&UP UPscaling trainers and educators\u2019 competencies on gender based violence to UPscaling awareness among young people against violence\"},\"image\":{\"@id\":\"https:\/\/www.upanduperasmus.eu\/#\/schema\/logo\/image\/\"}}]}<\/script>\n<!-- \/ Yoast SEO plugin. -->","yoast_head_json":{"title":"Bine a\u021bi venit pe pagina proiectului UP&UP","description":"UP&UP: \u00eembun\u0103t\u0103\u021birea competen\u021belor formatorilor \u0219i educatorilor \u00een violen\u021ba bazat\u0103 pe gen pentru a cre\u0219te con\u0219tientizarea \u00een r\u00e2ndul tinerilor \u00eempotriva violen\u021bei.","robots":{"index":"index","follow":"follow","max-snippet":"max-snippet:-1","max-image-preview":"max-image-preview:large","max-video-preview":"max-video-preview:-1"},"canonical":"https:\/\/www.upanduperasmus.eu\/ro\/contacteaza-ne\/","og_locale":"ro_RO","og_type":"article","og_title":"Bine a\u021bi venit pe pagina proiectului UP&UP","og_description":"UP&UP: \u00eembun\u0103t\u0103\u021birea competen\u021belor formatorilor \u0219i educatorilor \u00een violen\u021ba bazat\u0103 pe gen pentru a cre\u0219te con\u0219tientizarea \u00een r\u00e2ndul tinerilor \u00eempotriva violen\u021bei.","og_url":"https:\/\/www.upanduperasmus.eu\/ro\/contacteaza-ne\/","article_modified_time":"2025-06-16T13:37:30+00:00","twitter_card":"summary_large_image","twitter_misc":{"Timp estimat pentru citire":"6 minute"},"schema":{"@context":"https:\/\/schema.org","@graph":[{"@type":"WebPage","@id":"https:\/\/www.upanduperasmus.eu\/ro\/contacteaza-ne\/","url":"https:\/\/www.upanduperasmus.eu\/ro\/contacteaza-ne\/","name":"Bine a\u021bi venit pe pagina proiectului UP&UP","isPartOf":{"@id":"https:\/\/www.upanduperasmus.eu\/#website"},"datePublished":"2025-04-24T14:28:12+00:00","dateModified":"2025-06-16T13:37:30+00:00","description":"UP&UP: \u00eembun\u0103t\u0103\u021birea competen\u021belor formatorilor \u0219i educatorilor \u00een violen\u021ba bazat\u0103 pe gen pentru a cre\u0219te con\u0219tientizarea \u00een r\u00e2ndul tinerilor \u00eempotriva violen\u021bei.","breadcrumb":{"@id":"https:\/\/www.upanduperasmus.eu\/ro\/contacteaza-ne\/#breadcrumb"},"inLanguage":"ro-RO","potentialAction":[{"@type":"ReadAction","target":["https:\/\/www.upanduperasmus.eu\/ro\/contacteaza-ne\/"]}]},{"@type":"BreadcrumbList","@id":"https:\/\/www.upanduperasmus.eu\/ro\/contacteaza-ne\/#breadcrumb","itemListElement":[{"@type":"ListItem","position":1,"name":"Home","item":"https:\/\/www.upanduperasmus.eu\/ro\/pagina-principala-2025\/"},{"@type":"ListItem","position":2,"name":"Contacteaz\u0103-ne"}]},{"@type":"WebSite","@id":"https:\/\/www.upanduperasmus.eu\/#website","url":"https:\/\/www.upanduperasmus.eu\/","name":"UP&UP UPscaling trainers and educators\u2019 competencies on gender based violence to UPscaling awareness among young people against violence","description":"","publisher":{"@id":"https:\/\/www.upanduperasmus.eu\/#organization"},"potentialAction":[{"@type":"SearchAction","target":{"@type":"EntryPoint","urlTemplate":"https:\/\/www.upanduperasmus.eu\/?s={search_term_string}"},"query-input":{"@type":"PropertyValueSpecification","valueRequired":true,"valueName":"search_term_string"}}],"inLanguage":"ro-RO"},{"@type":"Organization","@id":"https:\/\/www.upanduperasmus.eu\/#organization","name":"UP&UP UPscaling trainers and educators\u2019 competencies on gender based violence to UPscaling awareness among young people against violence","url":"https:\/\/www.upanduperasmus.eu\/","logo":{"@type":"ImageObject","inLanguage":"ro-RO","@id":"https:\/\/www.upanduperasmus.eu\/#\/schema\/logo\/image\/","url":"https:\/\/www.upanduperasmus.eu\/wp-content\/uploads\/2019\/10\/EU-flag-Erasmus_vect_POS.png","contentUrl":"https:\/\/www.upanduperasmus.eu\/wp-content\/uploads\/2019\/10\/EU-flag-Erasmus_vect_POS.png","width":943,"height":269,"caption":"UP&UP UPscaling trainers and educators\u2019 competencies on gender based violence to UPscaling awareness among young people against violence"},"image":{"@id":"https:\/\/www.upanduperasmus.eu\/#\/schema\/logo\/image\/"}}]}},"_links":{"self":[{"href":"https:\/\/www.upanduperasmus.eu\/ro\/wp-json\/wp\/v2\/pages\/10401","targetHints":{"allow":["GET"]}}],"collection":[{"href":"https:\/\/www.upanduperasmus.eu\/ro\/wp-json\/wp\/v2\/pages"}],"about":[{"href":"https:\/\/www.upanduperasmus.eu\/ro\/wp-json\/wp\/v2\/types\/page"}],"author":[{"embeddable":true,"href":"https:\/\/www.upanduperasmus.eu\/ro\/wp-json\/wp\/v2\/users\/1"}],"replies":[{"embeddable":true,"href":"https:\/\/www.upanduperasmus.eu\/ro\/wp-json\/wp\/v2\/comments?post=10401"}],"version-history":[{"count":6,"href":"https:\/\/www.upanduperasmus.eu\/ro\/wp-json\/wp\/v2\/pages\/10401\/revisions"}],"predecessor-version":[{"id":11125,"href":"https:\/\/www.upanduperasmus.eu\/ro\/wp-json\/wp\/v2\/pages\/10401\/revisions\/11125"}],"wp:attachment":[{"href":"https:\/\/www.upanduperasmus.eu\/ro\/wp-json\/wp\/v2\/media?parent=10401"}],"curies":[{"name":"wp","href":"https:\/\/api.w.org\/{rel}","templated":true}]}}