{"id":10564,"date":"2025-04-28T10:38:54","date_gmt":"2025-04-28T08:38:54","guid":{"rendered":"https:\/\/www.upanduperasmus.eu\/?page_id=10564"},"modified":"2025-07-24T13:18:43","modified_gmt":"2025-07-24T11:18:43","slug":"formarea-formatorilor","status":"publish","type":"page","link":"https:\/\/www.upanduperasmus.eu\/ro\/formarea-formatorilor\/","title":{"rendered":"Formarea formatorilor"},"content":{"rendered":"<p>[et_pb_section fb_built=&#8221;1&#8243; next_background_color=&#8221;#4e99cf&#8221; disabled_on=&#8221;off|off|off&#8221; admin_label=&#8221;Project Summary&#8221; module_id=&#8221;project-summary&#8221; _builder_version=&#8221;4.27.4&#8243; use_background_color_gradient=&#8221;on&#8221; background_color_gradient_stops=&#8221;rgba(233,239,243,0) 0%|#e9eff3 100%&#8221; background_color_gradient_start=&#8221;rgba(233,239,243,0)&#8221; background_color_gradient_end=&#8221;#e9eff3&#8243; background_image=&#8221;https:\/\/www.upanduperasmus.eu\/wp-content\/uploads\/2019\/10\/shapes-bg-1.png&#8221; parallax=&#8221;on&#8221; custom_padding=&#8221;6px|0px|0px|0px|false|false&#8221; bottom_divider_style=&#8221;curve2&#8243; bottom_divider_height=&#8221;58px&#8221; collapsed=&#8221;on&#8221; global_colors_info=&#8221;{}&#8221;][et_pb_row _builder_version=&#8221;4.27.4&#8243; _module_preset=&#8221;default&#8221; custom_margin=&#8221;0px||||false|false&#8221; custom_margin_tablet=&#8221;43px||||false|false&#8221; custom_margin_phone=&#8221;0px||||false|false&#8221; custom_margin_last_edited=&#8221;on|phone&#8221; global_colors_info=&#8221;{}&#8221;][et_pb_column type=&#8221;4_4&#8243; _builder_version=&#8221;4.27.4&#8243; _module_preset=&#8221;default&#8221; global_colors_info=&#8221;{}&#8221;][et_pb_blurb title=&#8221;Pachet educa\u021bional pentru profesori &#8211; Violen\u021b\u0103 cobernetic\u0103 \u0219i cyberbullying (WP3)&#8221; image=&#8221;https:\/\/www.upanduperasmus.eu\/wp-content\/uploads\/2025\/04\/UPUP-FOR-DIGITAL-SOCIETY.png&#8221; image_icon_width=&#8221;44%&#8221; _builder_version=&#8221;4.27.4&#8243; _module_preset=&#8221;default&#8221; header_level=&#8221;h1&#8243; header_font=&#8221;Montserrat||||||||&#8221; header_text_align=&#8221;center&#8221; header_text_color=&#8221;#0C71C3&#8243; body_font=&#8221;Montserrat||||||||&#8221; body_text_align=&#8221;center&#8221; body_text_color=&#8221;#b51575&#8243; body_font_size=&#8221;17px&#8221; animation_style=&#8221;zoom&#8221; global_colors_info=&#8221;{}&#8221;][\/et_pb_blurb][\/et_pb_column][\/et_pb_row][et_pb_row admin_label=&#8221;Facilities Row&#8221; _builder_version=&#8221;4.27.4&#8243; width=&#8221;93%&#8221; global_colors_info=&#8221;{}&#8221;][et_pb_column type=&#8221;4_4&#8243; _builder_version=&#8221;4.16&#8243; custom_padding=&#8221;|||&#8221; global_colors_info=&#8221;{}&#8221; custom_padding__hover=&#8221;|||&#8221;][et_pb_text _builder_version=&#8221;4.27.4&#8243; text_font=&#8221;Montserrat||||||||&#8221; text_text_color=&#8221;#0C71C3&#8243; text_font_size=&#8221;16px&#8221; text_line_height=&#8221;2em&#8221; header_font=&#8221;||||||||&#8221; header_2_font=&#8221;Rubik|700|||||||&#8221; header_2_font_size=&#8221;40px&#8221; header_2_line_height=&#8221;1.4em&#8221; header_5_font=&#8221;Rubik|700||on|||||&#8221; header_5_text_color=&#8221;#2b76df&#8221; header_5_letter_spacing=&#8221;5px&#8221; header_5_line_height=&#8221;1.5em&#8221; max_width=&#8221;700px&#8221; module_alignment=&#8221;center&#8221; custom_margin=&#8221;||30px||false|false&#8221; custom_margin_tablet=&#8221;0px|||&#8221; custom_margin_last_edited=&#8221;off|desktop&#8221; animation_style=&#8221;fade&#8221; text_line_height_last_edited=&#8221;off|desktop&#8221; header_2_font_size_tablet=&#8221;&#8221; header_2_font_size_phone=&#8221;30px&#8221; header_2_font_size_last_edited=&#8221;on|phone&#8221; global_colors_info=&#8221;{}&#8221;]<\/p>\n<p style=\"text-align: center;\"> WP3 ofer\u0103 profesorilor \u0219i personalului \u0219colar <strong>instrumente pentru a preveni \u0219i r\u0103spunde la violen\u021ba cibernetic\u0103 \u0219i cyberbullying-ul bazate pe gen \u00een r\u00e2ndul elevilor<\/strong>. <strong>Pachetul include planuri de lec\u021bii, materiale interactive \u0219i ghiduri practice<\/strong>. <\/p>\n<p>[\/et_pb_text][\/et_pb_column][\/et_pb_row][\/et_pb_section][et_pb_section fb_built=&#8221;1&#8243; _builder_version=&#8221;4.27.4&#8243; _module_preset=&#8221;default&#8221; background_color=&#8221;#4e99cf&#8221; custom_padding=&#8221;||252px|||&#8221; global_colors_info=&#8221;{}&#8221;][et_pb_row module_id=&#8221;do&#8221; _builder_version=&#8221;4.27.4&#8243; _module_preset=&#8221;default&#8221; global_colors_info=&#8221;{}&#8221;][et_pb_column type=&#8221;4_4&#8243; _builder_version=&#8221;4.27.4&#8243; _module_preset=&#8221;default&#8221; global_colors_info=&#8221;{}&#8221;][et_pb_text _builder_version=&#8221;4.27.4&#8243; text_font=&#8221;Montserrat||||||||&#8221; text_text_color=&#8221;#FFFFFF&#8221; text_font_size=&#8221;45px&#8221; text_line_height=&#8221;1.1em&#8221; header_font=&#8221;||||||||&#8221; header_2_font=&#8221;Rubik|700|||||||&#8221; header_2_font_size=&#8221;40px&#8221; header_2_line_height=&#8221;1.4em&#8221; header_5_font=&#8221;Rubik|700||on|||||&#8221; header_5_text_color=&#8221;#2b76df&#8221; header_5_letter_spacing=&#8221;5px&#8221; header_5_line_height=&#8221;1.5em&#8221; text_orientation=&#8221;center&#8221; max_width=&#8221;700px&#8221; module_alignment=&#8221;center&#8221; custom_margin=&#8221;||25px||false|false&#8221; custom_margin_tablet=&#8221;0px|||&#8221; custom_margin_last_edited=&#8221;off|desktop&#8221; animation_style=&#8221;fade&#8221; text_line_height_last_edited=&#8221;off|desktop&#8221; header_2_font_size_tablet=&#8221;&#8221; header_2_font_size_phone=&#8221;30px&#8221; header_2_font_size_last_edited=&#8221;on|phone&#8221; locked=&#8221;off&#8221; global_colors_info=&#8221;{}&#8221;]<\/p>\n<p><strong>Acceseaz\u0103 platforma noastr\u0103 de \u00eenv\u0103\u021bare online pentru a explora: <\/strong><\/p>\n<p>[\/et_pb_text][\/et_pb_column][\/et_pb_row][et_pb_row column_structure=&#8221;1_2,1_2&#8243; _builder_version=&#8221;4.27.4&#8243; _module_preset=&#8221;default&#8221; global_colors_info=&#8221;{}&#8221;][et_pb_column type=&#8221;1_2&#8243; _builder_version=&#8221;4.27.4&#8243; _module_preset=&#8221;default&#8221; global_colors_info=&#8221;{}&#8221;][et_pb_blurb title=&#8221;Curriculum-ul complet de formare &#8221; use_icon=&#8221;on&#8221; font_icon=&#8221;&#xe026;||divi||400&#8243; icon_color=&#8221;#FFFFFF&#8221; _builder_version=&#8221;4.27.4&#8243; _module_preset=&#8221;default&#8221; header_level=&#8221;h2&#8243; header_font=&#8221;Montserrat|600|||||||&#8221; header_text_align=&#8221;center&#8221; header_text_color=&#8221;#FFFFFF&#8221; body_font=&#8221;Montserrat||||||||&#8221; body_text_align=&#8221;center&#8221; body_text_color=&#8221;#FFFFFF&#8221; body_font_size=&#8221;16px&#8221; global_colors_info=&#8221;{}&#8221;][\/et_pb_blurb][\/et_pb_column][et_pb_column type=&#8221;1_2&#8243; _builder_version=&#8221;4.27.4&#8243; _module_preset=&#8221;default&#8221; global_colors_info=&#8221;{}&#8221;][et_pb_blurb title=&#8221;Module de \u00eenv\u0103\u021bare bazate pe cazuri&#8221; use_icon=&#8221;on&#8221; font_icon=&#8221;&#xe0e6;||divi||400&#8243; icon_color=&#8221;#FFFFFF&#8221; _builder_version=&#8221;4.27.4&#8243; _module_preset=&#8221;default&#8221; header_level=&#8221;h2&#8243; header_font=&#8221;Montserrat|600|||||||&#8221; header_text_align=&#8221;center&#8221; header_text_color=&#8221;#FFFFFF&#8221; body_font=&#8221;Montserrat||||||||&#8221; body_text_align=&#8221;center&#8221; body_text_color=&#8221;#FFFFFF&#8221; body_font_size=&#8221;16px&#8221; custom_margin_tablet=&#8221;&#8221; custom_margin_phone=&#8221;25px||||false|false&#8221; custom_margin_last_edited=&#8221;on|phone&#8221; locked=&#8221;off&#8221; global_colors_info=&#8221;{}&#8221;][\/et_pb_blurb][\/et_pb_column][\/et_pb_row][et_pb_row _builder_version=&#8221;4.27.4&#8243; _module_preset=&#8221;default&#8221; custom_margin_tablet=&#8221;&#8221; custom_margin_phone=&#8221;&#8221; custom_margin_last_edited=&#8221;on|phone&#8221; global_colors_info=&#8221;{}&#8221;][et_pb_column type=&#8221;4_4&#8243; _builder_version=&#8221;4.27.4&#8243; _module_preset=&#8221;default&#8221; global_colors_info=&#8221;{}&#8221;][et_pb_blurb title=&#8221;Resurse pentru clas\u0103 disponibile pentru desc\u0103rcare&#8221; use_icon=&#8221;on&#8221; font_icon=&#8221;&#xe071;||divi||400&#8243; icon_color=&#8221;#FFFFFF&#8221; _builder_version=&#8221;4.27.4&#8243; _module_preset=&#8221;default&#8221; header_level=&#8221;h2&#8243; header_font=&#8221;Montserrat|600|||||||&#8221; header_text_align=&#8221;center&#8221; header_text_color=&#8221;#FFFFFF&#8221; body_font=&#8221;Montserrat||||||||&#8221; body_text_align=&#8221;center&#8221; body_text_color=&#8221;#FFFFFF&#8221; body_font_size=&#8221;16px&#8221; global_colors_info=&#8221;{}&#8221;][\/et_pb_blurb][et_pb_button button_text=&#8221;Acceseaz\u0103 platforma de \u00eenv\u0103\u021bare online&#8221; button_alignment=&#8221;center&#8221; _builder_version=&#8221;4.27.4&#8243; _module_preset=&#8221;default&#8221; button_text_size=&#8221;16px&#8221; button_text_color=&#8221;#ffffff&#8221; button_bg_color=&#8221;rgba(216,30,188,0.58)&#8221; button_border_width=&#8221;10px&#8221; button_border_color=&#8221;rgba(65,65,144,0)&#8221; button_border_radius=&#8221;70px&#8221; button_font=&#8221;Rubik|700|||||||&#8221; button_use_icon=&#8221;off&#8221; custom_margin=&#8221;81px||||false|false&#8221; hover_enabled=&#8221;0&#8243; locked=&#8221;off&#8221; global_colors_info=&#8221;{}&#8221; button_text_color__hover=&#8221;#c7ccd4&#8243; button_text_color__hover_enabled=&#8221;on|hover&#8221; button_bg_color__hover=&#8221;#ffffff&#8221; button_bg_color__hover_enabled=&#8221;on&#8221; button_border_radius__hover=&#8221;70px&#8221; button_border_radius__hover_enabled=&#8221;on&#8221; sticky_enabled=&#8221;0&#8243;][\/et_pb_button][\/et_pb_column][\/et_pb_row][\/et_pb_section][et_pb_section fb_built=&#8221;1&#8243; fullwidth=&#8221;on&#8221; next_background_color=&#8221;#237ec3&#8243; admin_label=&#8221;Mani reggono cubetti prima di news&#8221; _builder_version=&#8221;4.27.4&#8243; use_background_color_gradient=&#8221;on&#8221; background_color_gradient_stops=&#8221;#2b87da 0%|rgba(255,255,255,0) 100%&#8221; custom_margin=&#8221;-2px||||false|false&#8221; custom_margin_tablet=&#8221;&#8221; custom_margin_phone=&#8221;0px||||false|false&#8221; custom_margin_last_edited=&#8221;on|phone&#8221; custom_padding=&#8221;0px||||false|false&#8221; bottom_divider_style=&#8221;clouds2&#8243; collapsed=&#8221;on&#8221; global_colors_info=&#8221;{}&#8221;][et_pb_fullwidth_image _builder_version=&#8221;4.27.4&#8243; use_background_color_gradient=&#8221;on&#8221; background_color_gradient_stops=&#8221;#2b87da 0%|rgba(255,255,255,0) 100%&#8221; custom_margin=&#8221;||-25px|||&#8221; custom_padding=&#8221;0px||0px|||&#8221; global_colors_info=&#8221;{}&#8221;][\/et_pb_fullwidth_image][\/et_pb_section]<\/p>\n","protected":false},"excerpt":{"rendered":"<p>WP3 ofer\u0103 profesorilor \u0219i personalului \u0219colar instrumente pentru a preveni \u0219i r\u0103spunde la violen\u021ba cibernetic\u0103 \u0219i cyberbullying-ul bazate pe gen \u00een r\u00e2ndul elevilor. Pachetul include planuri de lec\u021bii, materiale interactive \u0219i ghiduri practice. Acceseaz\u0103 platforma noastr\u0103 de \u00eenv\u0103\u021bare online pentru a explora:<\/p>\n","protected":false},"author":1,"featured_media":0,"parent":0,"menu_order":0,"comment_status":"closed","ping_status":"closed","template":"","meta":{"_et_pb_use_builder":"on","_et_pb_old_content":"","_et_gb_content_width":"","footnotes":""},"class_list":["post-10564","page","type-page","status-publish","hentry"],"yoast_head":"<!-- This site is optimized with the Yoast SEO plugin v25.3 - https:\/\/yoast.com\/wordpress\/plugins\/seo\/ -->\n<title>Bine a\u021bi venit pe pagina proiectului UP&amp;UP<\/title>\n<meta name=\"description\" content=\"\u25cf UP&amp;UP upscaling trainers and educators\u2019 competencies on gender-based violence to Upscaling awareness among young people against violence\" \/>\n<meta name=\"robots\" content=\"index, follow, max-snippet:-1, max-image-preview:large, max-video-preview:-1\" \/>\n<link rel=\"canonical\" href=\"https:\/\/www.upanduperasmus.eu\/ro\/formarea-formatorilor\/\" \/>\n<meta property=\"og:locale\" content=\"ro_RO\" \/>\n<meta property=\"og:type\" content=\"article\" \/>\n<meta property=\"og:title\" content=\"Bine a\u021bi venit pe pagina proiectului UP&amp;UP\" \/>\n<meta property=\"og:description\" content=\"\u25cf UP&amp;UP upscaling trainers and educators\u2019 competencies on gender-based violence to Upscaling awareness among young people against violence\" \/>\n<meta property=\"og:url\" content=\"https:\/\/www.upanduperasmus.eu\/ro\/formarea-formatorilor\/\" \/>\n<meta property=\"article:modified_time\" content=\"2025-07-24T11:18:43+00:00\" \/>\n<meta name=\"twitter:card\" content=\"summary_large_image\" \/>\n<meta name=\"twitter:label1\" content=\"Timp estimat pentru citire\" \/>\n\t<meta name=\"twitter:data1\" content=\"5 minute\" \/>\n<script type=\"application\/ld+json\" class=\"yoast-schema-graph\">{\"@context\":\"https:\/\/schema.org\",\"@graph\":[{\"@type\":\"WebPage\",\"@id\":\"https:\/\/www.upanduperasmus.eu\/ro\/formarea-formatorilor\/\",\"url\":\"https:\/\/www.upanduperasmus.eu\/ro\/formarea-formatorilor\/\",\"name\":\"Bine a\u021bi venit pe pagina proiectului UP&UP\",\"isPartOf\":{\"@id\":\"https:\/\/www.upanduperasmus.eu\/#website\"},\"datePublished\":\"2025-04-28T08:38:54+00:00\",\"dateModified\":\"2025-07-24T11:18:43+00:00\",\"description\":\"\u25cf UP&UP upscaling trainers and educators\u2019 competencies on gender-based violence to Upscaling awareness among young people against violence\",\"breadcrumb\":{\"@id\":\"https:\/\/www.upanduperasmus.eu\/ro\/formarea-formatorilor\/#breadcrumb\"},\"inLanguage\":\"ro-RO\",\"potentialAction\":[{\"@type\":\"ReadAction\",\"target\":[\"https:\/\/www.upanduperasmus.eu\/ro\/formarea-formatorilor\/\"]}]},{\"@type\":\"BreadcrumbList\",\"@id\":\"https:\/\/www.upanduperasmus.eu\/ro\/formarea-formatorilor\/#breadcrumb\",\"itemListElement\":[{\"@type\":\"ListItem\",\"position\":1,\"name\":\"Home\",\"item\":\"https:\/\/www.upanduperasmus.eu\/ro\/pagina-principala-2025\/\"},{\"@type\":\"ListItem\",\"position\":2,\"name\":\"Formarea formatorilor\"}]},{\"@type\":\"WebSite\",\"@id\":\"https:\/\/www.upanduperasmus.eu\/#website\",\"url\":\"https:\/\/www.upanduperasmus.eu\/\",\"name\":\"UP&UP UPscaling trainers and educators\u2019 competencies on gender based violence to UPscaling awareness among young people against violence\",\"description\":\"\",\"publisher\":{\"@id\":\"https:\/\/www.upanduperasmus.eu\/#organization\"},\"potentialAction\":[{\"@type\":\"SearchAction\",\"target\":{\"@type\":\"EntryPoint\",\"urlTemplate\":\"https:\/\/www.upanduperasmus.eu\/?s={search_term_string}\"},\"query-input\":{\"@type\":\"PropertyValueSpecification\",\"valueRequired\":true,\"valueName\":\"search_term_string\"}}],\"inLanguage\":\"ro-RO\"},{\"@type\":\"Organization\",\"@id\":\"https:\/\/www.upanduperasmus.eu\/#organization\",\"name\":\"UP&UP UPscaling trainers and educators\u2019 competencies on gender based violence to UPscaling awareness among young people against violence\",\"url\":\"https:\/\/www.upanduperasmus.eu\/\",\"logo\":{\"@type\":\"ImageObject\",\"inLanguage\":\"ro-RO\",\"@id\":\"https:\/\/www.upanduperasmus.eu\/#\/schema\/logo\/image\/\",\"url\":\"https:\/\/www.upanduperasmus.eu\/wp-content\/uploads\/2019\/10\/EU-flag-Erasmus_vect_POS.png\",\"contentUrl\":\"https:\/\/www.upanduperasmus.eu\/wp-content\/uploads\/2019\/10\/EU-flag-Erasmus_vect_POS.png\",\"width\":943,\"height\":269,\"caption\":\"UP&UP UPscaling trainers and educators\u2019 competencies on gender based violence to UPscaling awareness among young people against violence\"},\"image\":{\"@id\":\"https:\/\/www.upanduperasmus.eu\/#\/schema\/logo\/image\/\"}}]}<\/script>\n<!-- \/ Yoast SEO plugin. -->","yoast_head_json":{"title":"Bine a\u021bi venit pe pagina proiectului UP&UP","description":"\u25cf UP&UP upscaling trainers and educators\u2019 competencies on gender-based violence to Upscaling awareness among young people against violence","robots":{"index":"index","follow":"follow","max-snippet":"max-snippet:-1","max-image-preview":"max-image-preview:large","max-video-preview":"max-video-preview:-1"},"canonical":"https:\/\/www.upanduperasmus.eu\/ro\/formarea-formatorilor\/","og_locale":"ro_RO","og_type":"article","og_title":"Bine a\u021bi venit pe pagina proiectului UP&UP","og_description":"\u25cf UP&UP upscaling trainers and educators\u2019 competencies on gender-based violence to Upscaling awareness among young people against violence","og_url":"https:\/\/www.upanduperasmus.eu\/ro\/formarea-formatorilor\/","article_modified_time":"2025-07-24T11:18:43+00:00","twitter_card":"summary_large_image","twitter_misc":{"Timp estimat pentru citire":"5 minute"},"schema":{"@context":"https:\/\/schema.org","@graph":[{"@type":"WebPage","@id":"https:\/\/www.upanduperasmus.eu\/ro\/formarea-formatorilor\/","url":"https:\/\/www.upanduperasmus.eu\/ro\/formarea-formatorilor\/","name":"Bine a\u021bi venit pe pagina proiectului UP&UP","isPartOf":{"@id":"https:\/\/www.upanduperasmus.eu\/#website"},"datePublished":"2025-04-28T08:38:54+00:00","dateModified":"2025-07-24T11:18:43+00:00","description":"\u25cf UP&UP upscaling trainers and educators\u2019 competencies on gender-based violence to Upscaling awareness among young people against violence","breadcrumb":{"@id":"https:\/\/www.upanduperasmus.eu\/ro\/formarea-formatorilor\/#breadcrumb"},"inLanguage":"ro-RO","potentialAction":[{"@type":"ReadAction","target":["https:\/\/www.upanduperasmus.eu\/ro\/formarea-formatorilor\/"]}]},{"@type":"BreadcrumbList","@id":"https:\/\/www.upanduperasmus.eu\/ro\/formarea-formatorilor\/#breadcrumb","itemListElement":[{"@type":"ListItem","position":1,"name":"Home","item":"https:\/\/www.upanduperasmus.eu\/ro\/pagina-principala-2025\/"},{"@type":"ListItem","position":2,"name":"Formarea formatorilor"}]},{"@type":"WebSite","@id":"https:\/\/www.upanduperasmus.eu\/#website","url":"https:\/\/www.upanduperasmus.eu\/","name":"UP&UP UPscaling trainers and educators\u2019 competencies on gender based violence to UPscaling awareness among young people against violence","description":"","publisher":{"@id":"https:\/\/www.upanduperasmus.eu\/#organization"},"potentialAction":[{"@type":"SearchAction","target":{"@type":"EntryPoint","urlTemplate":"https:\/\/www.upanduperasmus.eu\/?s={search_term_string}"},"query-input":{"@type":"PropertyValueSpecification","valueRequired":true,"valueName":"search_term_string"}}],"inLanguage":"ro-RO"},{"@type":"Organization","@id":"https:\/\/www.upanduperasmus.eu\/#organization","name":"UP&UP UPscaling trainers and educators\u2019 competencies on gender based violence to UPscaling awareness among young people against violence","url":"https:\/\/www.upanduperasmus.eu\/","logo":{"@type":"ImageObject","inLanguage":"ro-RO","@id":"https:\/\/www.upanduperasmus.eu\/#\/schema\/logo\/image\/","url":"https:\/\/www.upanduperasmus.eu\/wp-content\/uploads\/2019\/10\/EU-flag-Erasmus_vect_POS.png","contentUrl":"https:\/\/www.upanduperasmus.eu\/wp-content\/uploads\/2019\/10\/EU-flag-Erasmus_vect_POS.png","width":943,"height":269,"caption":"UP&UP UPscaling trainers and educators\u2019 competencies on gender based violence to UPscaling awareness among young people against violence"},"image":{"@id":"https:\/\/www.upanduperasmus.eu\/#\/schema\/logo\/image\/"}}]}},"_links":{"self":[{"href":"https:\/\/www.upanduperasmus.eu\/ro\/wp-json\/wp\/v2\/pages\/10564","targetHints":{"allow":["GET"]}}],"collection":[{"href":"https:\/\/www.upanduperasmus.eu\/ro\/wp-json\/wp\/v2\/pages"}],"about":[{"href":"https:\/\/www.upanduperasmus.eu\/ro\/wp-json\/wp\/v2\/types\/page"}],"author":[{"embeddable":true,"href":"https:\/\/www.upanduperasmus.eu\/ro\/wp-json\/wp\/v2\/users\/1"}],"replies":[{"embeddable":true,"href":"https:\/\/www.upanduperasmus.eu\/ro\/wp-json\/wp\/v2\/comments?post=10564"}],"version-history":[{"count":8,"href":"https:\/\/www.upanduperasmus.eu\/ro\/wp-json\/wp\/v2\/pages\/10564\/revisions"}],"predecessor-version":[{"id":11310,"href":"https:\/\/www.upanduperasmus.eu\/ro\/wp-json\/wp\/v2\/pages\/10564\/revisions\/11310"}],"wp:attachment":[{"href":"https:\/\/www.upanduperasmus.eu\/ro\/wp-json\/wp\/v2\/media?parent=10564"}],"curies":[{"name":"wp","href":"https:\/\/api.w.org\/{rel}","templated":true}]}}