{"id":4682,"date":"2022-06-06T16:01:50","date_gmt":"2022-06-06T14:01:50","guid":{"rendered":"https:\/\/www.upanduperasmus.eu\/?page_id=4682"},"modified":"2022-06-06T16:10:30","modified_gmt":"2022-06-06T14:10:30","slug":"grazie","status":"publish","type":"page","link":"https:\/\/www.upanduperasmus.eu\/ro\/evento-roma\/grazie\/","title":{"rendered":"Grazie"},"content":{"rendered":"<p>[et_pb_section fb_built=&#8221;1&#8243; fullwidth=&#8221;on&#8221; admin_label=&#8221;Page Header&#8221; _builder_version=&#8221;4.16&#8243; background_image=&#8221;https:\/\/www.upanduperasmus.eu\/wp-content\/uploads\/2019\/10\/parallaxseparator-epbuilding.jpg&#8221; parallax=&#8221;on&#8221; animation_direction=&#8221;top&#8221; global_colors_info=&#8221;{}&#8221;][et_pb_fullwidth_header text_orientation=&#8221;center&#8221; content_tablet=&#8221;&#8221; content_phone=&#8221;<\/p>\n<h1 class=%22freebirdFormviewerViewHeaderDescription%22 dir=%22auto%22><img src=%22https:\/\/www.upanduperasmus.eu\/wp-content\/uploads\/2019\/10\/LOGO_UPUP-negativo-RGB.png%22 width=%22108%22 height=%22107%22 alt=%22%22 class=%22wp-image-114 alignnone size-full%22 \/><br \/> First multiplier event of<br \/>UP&#038;UP project<\/h1>\n<p>This event is free but registration is required<br \/> and space limited to the first 50 people who sign up.<span> <\/span><\/p>\n<p>&#8221; content_last_edited=&#8221;on|phone&#8221; admin_label=&#8221;Hero Section&#8221; _builder_version=&#8221;4.17.4&#8243; title_font=&#8221;Montserrat|on|||&#8221; title_font_size=&#8221;34px&#8221; title_line_height=&#8221;1.4em&#8221; content_font_size=&#8221;19px&#8221; content_line_height=&#8221;1.8em&#8221; subhead_font=&#8221;||||&#8221; background_color=&#8221;rgba(255, 255, 255, 0)&#8221; use_background_color_gradient=&#8221;on&#8221; background_color_gradient_stops=&#8221;rgba(58,52,226,0.93) 0%|rgba(73,108,220,0.7) 100%&#8221; background_color_gradient_start=&#8221;rgba(58,52,226,0.93)&#8221; background_color_gradient_end=&#8221;rgba(73,108,220,0.7)&#8221; custom_button_one=&#8221;on&#8221; button_one_text_size=&#8221;16px&#8221; button_one_bg_color=&#8221;#6eba01&#8243; button_one_border_width=&#8221;2px&#8221; button_one_border_color=&#8221;#6eba01&#8243; button_one_border_radius=&#8221;0&#8243; button_one_letter_spacing=&#8221;2&#8243; button_one_font=&#8221;Montserrat|||on|&#8221; button_one_use_icon=&#8221;off&#8221; custom_button_two=&#8221;on&#8221; button_two_text_size=&#8221;16px&#8221; button_two_border_width=&#8221;2px&#8221; button_two_border_color=&#8221;#ffffff&#8221; button_two_border_radius=&#8221;0&#8243; button_two_letter_spacing=&#8221;2&#8243; button_two_font=&#8221;Montserrat|||on|&#8221; button_two_use_icon=&#8221;off&#8221; module_alignment=&#8221;left&#8221; custom_padding=&#8221;19px||1px||false|false&#8221; custom_padding_tablet=&#8221;&#8221; custom_padding_phone=&#8221;0px||0px||false|false&#8221; custom_padding_last_edited=&#8221;on|phone&#8221; animation_style=&#8221;fade&#8221; title_font_size_tablet=&#8221;&#8221; title_font_size_phone=&#8221;23px&#8221; title_font_size_last_edited=&#8221;on|phone&#8221; content_font_size_tablet=&#8221;&#8221; content_font_size_phone=&#8221;10px&#8221; content_font_size_last_edited=&#8221;on|phone&#8221; button_one_text_color_hover=&#8221;#6eba01&#8243; button_two_text_color_hover=&#8221;#6eba01&#8243; button_one_border_color_hover=&#8221;#ffffff&#8221; button_two_border_color_hover=&#8221;#ffffff&#8221; button_one_border_radius_hover=&#8221;0&#8243; button_two_border_radius_hover=&#8221;0&#8243; button_one_letter_spacing_hover=&#8221;2&#8243; button_two_letter_spacing_hover=&#8221;2&#8243; button_one_bg_color_hover=&#8221;#ffffff&#8221; button_two_bg_color_hover=&#8221;#ffffff&#8221; global_colors_info=&#8221;{}&#8221; button_one_text_size__hover_enabled=&#8221;off&#8221; button_two_text_size__hover_enabled=&#8221;off&#8221; button_one_text_color__hover_enabled=&#8221;on&#8221; button_one_text_color__hover=&#8221;#6eba01&#8243; button_two_text_color__hover_enabled=&#8221;on&#8221; button_two_text_color__hover=&#8221;#6eba01&#8243; button_one_border_width__hover_enabled=&#8221;off&#8221; button_two_border_width__hover_enabled=&#8221;off&#8221; button_one_border_color__hover_enabled=&#8221;on&#8221; button_one_border_color__hover=&#8221;#ffffff&#8221; button_two_border_color__hover_enabled=&#8221;on&#8221; button_two_border_color__hover=&#8221;#ffffff&#8221; button_one_border_radius__hover_enabled=&#8221;on&#8221; button_one_border_radius__hover=&#8221;0&#8243; button_two_border_radius__hover_enabled=&#8221;on&#8221; button_two_border_radius__hover=&#8221;0&#8243; button_one_letter_spacing__hover_enabled=&#8221;on&#8221; button_one_letter_spacing__hover=&#8221;2&#8243; button_two_letter_spacing__hover_enabled=&#8221;on&#8221; button_two_letter_spacing__hover=&#8221;2&#8243; button_one_bg_color__hover_enabled=&#8221;on&#8221; button_one_bg_color__hover=&#8221;#ffffff&#8221; button_two_bg_color__hover_enabled=&#8221;on&#8221; button_two_bg_color__hover=&#8221;#ffffff&#8221;]<img loading=\"lazy\" decoding=\"async\" src=\"https:\/\/www.upanduperasmus.eu\/wp-content\/uploads\/2019\/10\/LOGO_UPUP-negativo-RGB.png\" width=\"108\" height=\"107\" alt=\"\" class=\"wp-image-114 alignnone size-full\" \/><br \/>\nL&#8217;associazione Nazionale Volontarie del Telefono Rosa<br \/>\n\u00e8 lieta di invitarLa al multiplier Event<\/p>\n<h1 class=\"freebirdFormviewerViewHeaderDescription\" dir=\"auto\">\nUP&amp;UP: ANALISI E RISULTATI SUGLI STEREOTIPI DI GENERE<\/h1>\n<p>Questo evento \u00e8 gratuito, ma la registrazione \u00e8 gradita.[\/et_pb_fullwidth_header][\/et_pb_section][et_pb_section fb_built=&#8221;1&#8243; admin_label=&#8221;Contact Info&#8221; _builder_version=&#8221;4.16&#8243; custom_margin=&#8221;5px|||||&#8221; custom_padding=&#8221;23px||0px|||&#8221; locked=&#8221;off&#8221; global_colors_info=&#8221;{}&#8221;][et_pb_row column_structure=&#8221;1_2,1_2&#8243; _builder_version=&#8221;4.16&#8243; background_size=&#8221;initial&#8221; background_position=&#8221;top_left&#8221; background_repeat=&#8221;repeat&#8221; custom_margin=&#8221;-21px|auto|-25px|auto||&#8221; custom_padding=&#8221;1px||0px|||&#8221; locked=&#8221;off&#8221; global_colors_info=&#8221;{}&#8221;][et_pb_column type=&#8221;1_2&#8243; _builder_version=&#8221;4.16&#8243; background_position=&#8221;top_left&#8221; custom_padding=&#8221;|||&#8221; global_colors_info=&#8221;{}&#8221; custom_padding__hover=&#8221;|||&#8221;][et_pb_blurb title=&#8221;Location&#8221; use_icon=&#8221;on&#8221; font_icon=&#8221;&#xe081;||divi||400&#8243; icon_color=&#8221;#0c71c3&#8243; image_icon_width=&#8221;60px&#8221; icon_placement_tablet=&#8221;&#8221; icon_placement_phone=&#8221;left&#8221; icon_placement_last_edited=&#8221;on|phone&#8221; image_icon_width_tablet=&#8221;60px&#8221; image_icon_width_phone=&#8221;41px&#8221; image_icon_width_last_edited=&#8221;on|phone&#8221; content_tablet=&#8221;<\/p>\n<p>Roma<br \/>Palazzo Valentini &#8211; Aula Consigliare<br \/>Via IV Novembre 119\/a<\/p>\n<p>&#8221; content_phone=&#8221;<\/p>\n<p style=%22text-align: center;%22><span>Brussels, European Parliament &#8211; Altiero Spinelli<\/span><\/p>\n<p>&#8221; content_last_edited=&#8221;on|phone&#8221; content_max_width_tablet=&#8221;&#8221; content_max_width_phone=&#8221;675px&#8221; content_max_width_last_edited=&#8221;on|phone&#8221; admin_label=&#8221;Address&#8221; _builder_version=&#8221;4.17.4&#8243; header_font=&#8221;Montserrat||||&#8221; header_text_color=&#8221;#1f1f1f&#8221; header_font_size=&#8221;22px&#8221; body_font_size=&#8221;20px&#8221; body_line_height=&#8221;1.9em&#8221; image_icon_custom_padding_tablet=&#8221;&#8221; image_icon_custom_padding_phone=&#8221;&#8221; image_icon_custom_padding_last_edited=&#8221;on|phone&#8221; text_orientation=&#8221;center&#8221; min_height=&#8221;101px&#8221; custom_margin=&#8221;||-19px|||&#8221; custom_padding=&#8221;4px|30px|15px|30px||&#8221; animation_style=&#8221;fold&#8221; animation_direction=&#8221;bottom&#8221; animation_intensity_fold=&#8221;30%&#8221; hover_enabled=&#8221;0&#8243; header_text_align_tablet=&#8221;&#8221; header_text_align_phone=&#8221;left&#8221; header_text_align_last_edited=&#8221;on|phone&#8221; header_line_height_tablet=&#8221;&#8221; header_line_height_phone=&#8221;&#8221; header_line_height_last_edited=&#8221;on|desktop&#8221; body_text_align_tablet=&#8221;&#8221; body_text_align_phone=&#8221;center&#8221; body_text_align_last_edited=&#8221;on|phone&#8221; border_width_all=&#8221;0px&#8221; border_color_all=&#8221;#e0e0e0&#8243; border_style_all=&#8221;solid&#8221; border_width_all_image_tablet=&#8221;&#8221; border_width_all_image_phone=&#8221;&#8221; border_width_all_image_last_edited=&#8221;on|phone&#8221; use_border_color=&#8221;on&#8221; border_color=&#8221;#e0e0e0&#8243; icon_font_size=&#8221;60px&#8221; icon_font_size_tablet=&#8221;&#8221; icon_font_size_phone=&#8221;41px&#8221; icon_font_size_last_edited=&#8221;on|phone&#8221; locked=&#8221;off&#8221; global_colors_info=&#8221;{}&#8221; sticky_enabled=&#8221;0&#8243;]<\/p>\n<p>Roma<br \/>Palazzo Valentini &#8211; Aula Consigliare<br \/>Via IV Novembre 119\/a<\/p>\n<p>[\/et_pb_blurb][\/et_pb_column][et_pb_column type=&#8221;1_2&#8243; _builder_version=&#8221;4.16&#8243; background_position=&#8221;top_left&#8221; custom_padding=&#8221;|||&#8221; global_colors_info=&#8221;{}&#8221; custom_padding__hover=&#8221;|||&#8221;][et_pb_blurb title=&#8221;Data&#8221; use_icon=&#8221;on&#8221; font_icon=&#8221;&#xe023;||divi||400&#8243; icon_color=&#8221;#0c71c3&#8243; image_icon_width=&#8221;60px&#8221; icon_placement_tablet=&#8221;&#8221; icon_placement_phone=&#8221;left&#8221; icon_placement_last_edited=&#8221;on|phone&#8221; image_icon_width_tablet=&#8221;60px&#8221; image_icon_width_phone=&#8221;50px&#8221; image_icon_width_last_edited=&#8221;on|phone&#8221; admin_label=&#8221;Email&#8221; _builder_version=&#8221;4.17.4&#8243; header_font=&#8221;Montserrat||||&#8221; header_text_color=&#8221;#1f1f1f&#8221; header_font_size=&#8221;22px&#8221; header_line_height=&#8221;1.8em&#8221; body_font_size=&#8221;20px&#8221; body_line_height=&#8221;1.9em&#8221; image_icon_custom_padding_tablet=&#8221;&#8221; image_icon_custom_padding_phone=&#8221;&#8221; image_icon_custom_padding_last_edited=&#8221;on|phone&#8221; text_orientation=&#8221;center&#8221; min_height=&#8221;114px&#8221; custom_margin=&#8221;||36px|||&#8221; custom_padding=&#8221;0px|30px|2px|30px||&#8221; animation_style=&#8221;fold&#8221; animation_direction=&#8221;bottom&#8221; animation_delay=&#8221;200ms&#8221; animation_intensity_fold=&#8221;30%&#8221; hover_enabled=&#8221;0&#8243; header_text_align_tablet=&#8221;&#8221; header_text_align_phone=&#8221;left&#8221; header_text_align_last_edited=&#8221;on|phone&#8221; header_line_height_tablet=&#8221;&#8221; header_line_height_phone=&#8221;1em&#8221; header_line_height_last_edited=&#8221;on|phone&#8221; border_width_all=&#8221;0px&#8221; border_color_all=&#8221;#e0e0e0&#8243; border_style_all=&#8221;solid&#8221; border_width_all_image_tablet=&#8221;&#8221; border_width_all_image_phone=&#8221;&#8221; border_width_all_image_last_edited=&#8221;on|phone&#8221; use_border_color=&#8221;on&#8221; border_color=&#8221;#e0e0e0&#8243; icon_font_size=&#8221;60px&#8221; icon_font_size_tablet=&#8221;&#8221; icon_font_size_phone=&#8221;50px&#8221; icon_font_size_last_edited=&#8221;on|phone&#8221; locked=&#8221;off&#8221; global_colors_info=&#8221;{}&#8221; content_last_edited=&#8221;on|phone&#8221; content_phone=&#8221;<\/p>\n<p>24 Giugno 2022 &#8211; dalle 10:00 alle 13:30<\/p>\n<p>&#8221; sticky_enabled=&#8221;0&#8243; content_tablet=&#8221;<\/p>\n<p>24 Giugno 2022<br \/>dalle 10:00 alle 13:30<\/p>\n<p>&#8220;]<\/p>\n<p>24 Giugno 2022<br \/>dalle 10:00 alle 13:30<\/p>\n<p>[\/et_pb_blurb][\/et_pb_column][\/et_pb_row][\/et_pb_section][et_pb_section fb_built=&#8221;1&#8243; prev_background_color=&#8221;#ffffff&#8221; next_background_color=&#8221;#ffffff&#8221; admin_label=&#8221;Contact&#8221; module_id=&#8221;wpcf7-f29-p13-o1&#8243; _builder_version=&#8221;4.16&#8243; background_color=&#8221;#f4f4f4&#8243; custom_margin=&#8221;2px||-9px|||&#8221; custom_padding=&#8221;2px||14px|||&#8221; top_divider_style=&#8221;mountains2&#8243; top_divider_height=&#8221;55px&#8221; bottom_divider_style=&#8221;mountains2&#8243; bottom_divider_height=&#8221;44px&#8221; bottom_divider_repeat=&#8221;2x&#8221; global_colors_info=&#8221;{}&#8221;][et_pb_row disabled_on=&#8221;off|off|off&#8221; _builder_version=&#8221;4.16&#8243; global_colors_info=&#8221;{}&#8221;][et_pb_column type=&#8221;4_4&#8243; _builder_version=&#8221;4.16&#8243; global_colors_info=&#8221;{}&#8221;][et_pb_text _builder_version=&#8221;4.17.4&#8243; text_text_color=&#8221;#141400&#8243; header_2_text_color=&#8221;#0c71c3&#8243; header_2_font_size=&#8221;33px&#8221; text_orientation=&#8221;center&#8221; hover_enabled=&#8221;0&#8243; global_colors_info=&#8221;{}&#8221; sticky_enabled=&#8221;0&#8243;]<\/p>\n<h2><b>Grazie!<\/b><b><\/b><\/h2>\n<h2><b>Il tuo messaggio \u00e8 stato inviato.<\/b><\/h2>\n<p>[\/et_pb_text][\/et_pb_column][\/et_pb_row][\/et_pb_section]<\/p>\n","protected":false},"excerpt":{"rendered":"<p>L&#8217;associazione Nazionale Volontarie del Telefono Rosa \u00e8 lieta di invitarLa al multiplier Event UP&amp;UP: ANALISI E RISULTATI SUGLI STEREOTIPI DI GENERE Questo evento \u00e8 gratuito, ma la registrazione \u00e8 gradita.RomaPalazzo Valentini &#8211; Aula ConsigliareVia IV Novembre 119\/a24 Giugno 2022dalle 10:00 alle 13:30Grazie! Il tuo messaggio \u00e8 stato inviato.<\/p>\n","protected":false},"author":1,"featured_media":0,"parent":4671,"menu_order":0,"comment_status":"closed","ping_status":"closed","template":"","meta":{"_et_pb_use_builder":"on","_et_pb_old_content":"","_et_gb_content_width":"","footnotes":""},"class_list":["post-4682","page","type-page","status-publish","hentry"],"yoast_head":"<!-- This site is optimized with the Yoast SEO plugin v25.3 - https:\/\/yoast.com\/wordpress\/plugins\/seo\/ -->\n<title>Grazie &#8211;<\/title>\n<meta name=\"robots\" content=\"index, follow, max-snippet:-1, max-image-preview:large, max-video-preview:-1\" \/>\n<link rel=\"canonical\" href=\"https:\/\/www.upanduperasmus.eu\/evento-roma\/grazie\/\" \/>\n<meta property=\"og:locale\" content=\"ro_RO\" \/>\n<meta property=\"og:type\" content=\"article\" \/>\n<meta property=\"og:title\" content=\"Grazie &#8211;\" \/>\n<meta property=\"og:description\" content=\"L&#039;associazione Nazionale Volontarie del Telefono Rosa \u00e8 lieta di invitarLa al multiplier Event UP&amp;UP: ANALISI E RISULTATI SUGLI STEREOTIPI DI GENERE Questo evento \u00e8 gratuito, ma la registrazione \u00e8 gradita.RomaPalazzo Valentini - Aula ConsigliareVia IV Novembre 119\/a24 Giugno 2022dalle 10:00 alle 13:30Grazie! Il tuo messaggio \u00e8 stato inviato.\" \/>\n<meta property=\"og:url\" content=\"https:\/\/www.upanduperasmus.eu\/evento-roma\/grazie\/\" \/>\n<meta property=\"article:modified_time\" content=\"2022-06-06T14:10:30+00:00\" \/>\n<meta property=\"og:image\" content=\"https:\/\/www.upanduperasmus.eu\/wp-content\/uploads\/2019\/10\/LOGO_UPUP-negativo-RGB.png\" \/>\n<meta name=\"twitter:card\" content=\"summary_large_image\" \/>\n<meta name=\"twitter:label1\" content=\"Timp estimat pentru citire\" \/>\n\t<meta name=\"twitter:data1\" content=\"6 minute\" \/>\n<script type=\"application\/ld+json\" class=\"yoast-schema-graph\">{\"@context\":\"https:\/\/schema.org\",\"@graph\":[{\"@type\":\"WebPage\",\"@id\":\"https:\/\/www.upanduperasmus.eu\/evento-roma\/grazie\/\",\"url\":\"https:\/\/www.upanduperasmus.eu\/evento-roma\/grazie\/\",\"name\":\"Grazie &#8211;\",\"isPartOf\":{\"@id\":\"https:\/\/www.upanduperasmus.eu\/#website\"},\"primaryImageOfPage\":{\"@id\":\"https:\/\/www.upanduperasmus.eu\/evento-roma\/grazie\/#primaryimage\"},\"image\":{\"@id\":\"https:\/\/www.upanduperasmus.eu\/evento-roma\/grazie\/#primaryimage\"},\"thumbnailUrl\":\"https:\/\/www.upanduperasmus.eu\/wp-content\/uploads\/2019\/10\/LOGO_UPUP-negativo-RGB.png\",\"datePublished\":\"2022-06-06T14:01:50+00:00\",\"dateModified\":\"2022-06-06T14:10:30+00:00\",\"breadcrumb\":{\"@id\":\"https:\/\/www.upanduperasmus.eu\/evento-roma\/grazie\/#breadcrumb\"},\"inLanguage\":\"ro-RO\",\"potentialAction\":[{\"@type\":\"ReadAction\",\"target\":[\"https:\/\/www.upanduperasmus.eu\/evento-roma\/grazie\/\"]}]},{\"@type\":\"ImageObject\",\"inLanguage\":\"ro-RO\",\"@id\":\"https:\/\/www.upanduperasmus.eu\/evento-roma\/grazie\/#primaryimage\",\"url\":\"https:\/\/www.upanduperasmus.eu\/wp-content\/uploads\/2019\/10\/LOGO_UPUP-negativo-RGB.png\",\"contentUrl\":\"https:\/\/www.upanduperasmus.eu\/wp-content\/uploads\/2019\/10\/LOGO_UPUP-negativo-RGB.png\"},{\"@type\":\"BreadcrumbList\",\"@id\":\"https:\/\/www.upanduperasmus.eu\/evento-roma\/grazie\/#breadcrumb\",\"itemListElement\":[{\"@type\":\"ListItem\",\"position\":1,\"name\":\"Home\",\"item\":\"https:\/\/www.upanduperasmus.eu\/ro\/pagina-principala-2025\/\"},{\"@type\":\"ListItem\",\"position\":2,\"name\":\"Evento Roma\",\"item\":\"https:\/\/www.upanduperasmus.eu\/it\/evento-roma\/\"},{\"@type\":\"ListItem\",\"position\":3,\"name\":\"Grazie\"}]},{\"@type\":\"WebSite\",\"@id\":\"https:\/\/www.upanduperasmus.eu\/#website\",\"url\":\"https:\/\/www.upanduperasmus.eu\/\",\"name\":\"UP&UP UPscaling trainers and educators\u2019 competencies on gender based violence to UPscaling awareness among young people against violence\",\"description\":\"\",\"publisher\":{\"@id\":\"https:\/\/www.upanduperasmus.eu\/#organization\"},\"potentialAction\":[{\"@type\":\"SearchAction\",\"target\":{\"@type\":\"EntryPoint\",\"urlTemplate\":\"https:\/\/www.upanduperasmus.eu\/?s={search_term_string}\"},\"query-input\":{\"@type\":\"PropertyValueSpecification\",\"valueRequired\":true,\"valueName\":\"search_term_string\"}}],\"inLanguage\":\"ro-RO\"},{\"@type\":\"Organization\",\"@id\":\"https:\/\/www.upanduperasmus.eu\/#organization\",\"name\":\"UP&UP UPscaling trainers and educators\u2019 competencies on gender based violence to UPscaling awareness among young people against violence\",\"url\":\"https:\/\/www.upanduperasmus.eu\/\",\"logo\":{\"@type\":\"ImageObject\",\"inLanguage\":\"ro-RO\",\"@id\":\"https:\/\/www.upanduperasmus.eu\/#\/schema\/logo\/image\/\",\"url\":\"https:\/\/www.upanduperasmus.eu\/wp-content\/uploads\/2019\/10\/EU-flag-Erasmus_vect_POS.png\",\"contentUrl\":\"https:\/\/www.upanduperasmus.eu\/wp-content\/uploads\/2019\/10\/EU-flag-Erasmus_vect_POS.png\",\"width\":943,\"height\":269,\"caption\":\"UP&UP UPscaling trainers and educators\u2019 competencies on gender based violence to UPscaling awareness among young people against violence\"},\"image\":{\"@id\":\"https:\/\/www.upanduperasmus.eu\/#\/schema\/logo\/image\/\"}}]}<\/script>\n<!-- \/ Yoast SEO plugin. -->","yoast_head_json":{"title":"Grazie &#8211;","robots":{"index":"index","follow":"follow","max-snippet":"max-snippet:-1","max-image-preview":"max-image-preview:large","max-video-preview":"max-video-preview:-1"},"canonical":"https:\/\/www.upanduperasmus.eu\/evento-roma\/grazie\/","og_locale":"ro_RO","og_type":"article","og_title":"Grazie &#8211;","og_description":"L'associazione Nazionale Volontarie del Telefono Rosa \u00e8 lieta di invitarLa al multiplier Event UP&amp;UP: ANALISI E RISULTATI SUGLI STEREOTIPI DI GENERE Questo evento \u00e8 gratuito, ma la registrazione \u00e8 gradita.RomaPalazzo Valentini - Aula ConsigliareVia IV Novembre 119\/a24 Giugno 2022dalle 10:00 alle 13:30Grazie! Il tuo messaggio \u00e8 stato inviato.","og_url":"https:\/\/www.upanduperasmus.eu\/evento-roma\/grazie\/","article_modified_time":"2022-06-06T14:10:30+00:00","og_image":[{"url":"https:\/\/www.upanduperasmus.eu\/wp-content\/uploads\/2019\/10\/LOGO_UPUP-negativo-RGB.png","type":"","width":"","height":""}],"twitter_card":"summary_large_image","twitter_misc":{"Timp estimat pentru citire":"6 minute"},"schema":{"@context":"https:\/\/schema.org","@graph":[{"@type":"WebPage","@id":"https:\/\/www.upanduperasmus.eu\/evento-roma\/grazie\/","url":"https:\/\/www.upanduperasmus.eu\/evento-roma\/grazie\/","name":"Grazie &#8211;","isPartOf":{"@id":"https:\/\/www.upanduperasmus.eu\/#website"},"primaryImageOfPage":{"@id":"https:\/\/www.upanduperasmus.eu\/evento-roma\/grazie\/#primaryimage"},"image":{"@id":"https:\/\/www.upanduperasmus.eu\/evento-roma\/grazie\/#primaryimage"},"thumbnailUrl":"https:\/\/www.upanduperasmus.eu\/wp-content\/uploads\/2019\/10\/LOGO_UPUP-negativo-RGB.png","datePublished":"2022-06-06T14:01:50+00:00","dateModified":"2022-06-06T14:10:30+00:00","breadcrumb":{"@id":"https:\/\/www.upanduperasmus.eu\/evento-roma\/grazie\/#breadcrumb"},"inLanguage":"ro-RO","potentialAction":[{"@type":"ReadAction","target":["https:\/\/www.upanduperasmus.eu\/evento-roma\/grazie\/"]}]},{"@type":"ImageObject","inLanguage":"ro-RO","@id":"https:\/\/www.upanduperasmus.eu\/evento-roma\/grazie\/#primaryimage","url":"https:\/\/www.upanduperasmus.eu\/wp-content\/uploads\/2019\/10\/LOGO_UPUP-negativo-RGB.png","contentUrl":"https:\/\/www.upanduperasmus.eu\/wp-content\/uploads\/2019\/10\/LOGO_UPUP-negativo-RGB.png"},{"@type":"BreadcrumbList","@id":"https:\/\/www.upanduperasmus.eu\/evento-roma\/grazie\/#breadcrumb","itemListElement":[{"@type":"ListItem","position":1,"name":"Home","item":"https:\/\/www.upanduperasmus.eu\/ro\/pagina-principala-2025\/"},{"@type":"ListItem","position":2,"name":"Evento Roma","item":"https:\/\/www.upanduperasmus.eu\/it\/evento-roma\/"},{"@type":"ListItem","position":3,"name":"Grazie"}]},{"@type":"WebSite","@id":"https:\/\/www.upanduperasmus.eu\/#website","url":"https:\/\/www.upanduperasmus.eu\/","name":"UP&UP UPscaling trainers and educators\u2019 competencies on gender based violence to UPscaling awareness among young people against violence","description":"","publisher":{"@id":"https:\/\/www.upanduperasmus.eu\/#organization"},"potentialAction":[{"@type":"SearchAction","target":{"@type":"EntryPoint","urlTemplate":"https:\/\/www.upanduperasmus.eu\/?s={search_term_string}"},"query-input":{"@type":"PropertyValueSpecification","valueRequired":true,"valueName":"search_term_string"}}],"inLanguage":"ro-RO"},{"@type":"Organization","@id":"https:\/\/www.upanduperasmus.eu\/#organization","name":"UP&UP UPscaling trainers and educators\u2019 competencies on gender based violence to UPscaling awareness among young people against violence","url":"https:\/\/www.upanduperasmus.eu\/","logo":{"@type":"ImageObject","inLanguage":"ro-RO","@id":"https:\/\/www.upanduperasmus.eu\/#\/schema\/logo\/image\/","url":"https:\/\/www.upanduperasmus.eu\/wp-content\/uploads\/2019\/10\/EU-flag-Erasmus_vect_POS.png","contentUrl":"https:\/\/www.upanduperasmus.eu\/wp-content\/uploads\/2019\/10\/EU-flag-Erasmus_vect_POS.png","width":943,"height":269,"caption":"UP&UP UPscaling trainers and educators\u2019 competencies on gender based violence to UPscaling awareness among young people against violence"},"image":{"@id":"https:\/\/www.upanduperasmus.eu\/#\/schema\/logo\/image\/"}}]}},"_links":{"self":[{"href":"https:\/\/www.upanduperasmus.eu\/ro\/wp-json\/wp\/v2\/pages\/4682","targetHints":{"allow":["GET"]}}],"collection":[{"href":"https:\/\/www.upanduperasmus.eu\/ro\/wp-json\/wp\/v2\/pages"}],"about":[{"href":"https:\/\/www.upanduperasmus.eu\/ro\/wp-json\/wp\/v2\/types\/page"}],"author":[{"embeddable":true,"href":"https:\/\/www.upanduperasmus.eu\/ro\/wp-json\/wp\/v2\/users\/1"}],"replies":[{"embeddable":true,"href":"https:\/\/www.upanduperasmus.eu\/ro\/wp-json\/wp\/v2\/comments?post=4682"}],"version-history":[{"count":2,"href":"https:\/\/www.upanduperasmus.eu\/ro\/wp-json\/wp\/v2\/pages\/4682\/revisions"}],"predecessor-version":[{"id":4684,"href":"https:\/\/www.upanduperasmus.eu\/ro\/wp-json\/wp\/v2\/pages\/4682\/revisions\/4684"}],"up":[{"embeddable":true,"href":"https:\/\/www.upanduperasmus.eu\/ro\/wp-json\/wp\/v2\/pages\/4671"}],"wp:attachment":[{"href":"https:\/\/www.upanduperasmus.eu\/ro\/wp-json\/wp\/v2\/media?parent=4682"}],"curies":[{"name":"wp","href":"https:\/\/api.w.org\/{rel}","templated":true}]}}